{"id":784,"date":"2024-07-30T09:43:49","date_gmt":"2024-07-30T09:43:49","guid":{"rendered":"https:\/\/airporttelecom.outperforming.nl\/nl\/?post_type=product&#038;p=784"},"modified":"2026-01-20T08:23:44","modified_gmt":"2026-01-20T08:23:44","slug":"simkaart-virgin-islands","status":"publish","type":"product","link":"https:\/\/airporttelecom.com\/pl\/karta-sim\/wyspy-dziewicze\/","title":{"rendered":"Karta SIM Wyspy Dziewicze"},"content":{"rendered":"","protected":false},"excerpt":{"rendered":"","protected":false},"featured_media":1130,"comment_status":"open","ping_status":"closed","template":"","meta":{"_acf_changed":false},"product_brand":[],"product_cat":[17],"product_tag":[26],"class_list":{"0":"post-784","1":"product","2":"type-product","3":"status-publish","4":"has-post-thumbnail","6":"product_cat-karta-sim","7":"product_tag-karta-sim-antyle-i-karaiby","9":"first","10":"instock","11":"taxable","12":"shipping-taxable","13":"purchasable","14":"product-type-variable"},"acf":{"gebied_afbeelding":979,"vlag_afbeelding":981,"provider":[],"product_synoniemen":[{"synoniem":"Maagdeneilanden"}],"product_bestel_velden":"","product_omschrijving":"<h2>Dost\u0119p mobilny z kart\u0105 SIM do Wysp Dziewiczych<\/h2>\r\n<strong>Wa\u017cne:<\/strong> zwr\u00f3\u0107 uwag\u0119 na rozr\u00f3\u017cnienie mi\u0119dzy Brytyjskimi Wyspami Dziewiczymi a Wyspami Dziewiczymi Stan\u00f3w Zjednoczonych dzi\u0119ki tym kartom SIM od Airport Telecom mo\u017cesz korzysta\u0107 z mobilnego internetu na Wyspach Dziewiczych. Do wyboru s\u0105 r\u00f3\u017cne pakiety danych. Zwr\u00f3\u0107 uwag\u0119 na r\u00f3\u017cnic\u0119 mi\u0119dzy Brytyjskimi Wyspami Dziewiczymi a Wyspami Dziewiczymi Stan\u00f3w Zjednoczonych. Pakiety s\u0105 doskona\u0142e do korzystania z internetu i zapewniaj\u0105 dost\u0119p do poczty e-mail, WhatsApp, nawigacji i innych aplikacji internetowych za po\u015brednictwem szybkiego po\u0142\u0105czenia 4G\/5G.<h2>Dane mobilne i po\u0142\u0105czenia podczas podr\u00f3\u017cy na Wyspy Dziewicze<\/h2>\r\nKarty SIM na Wyspy Dziewicze s\u0105 dost\u0119pne z pakietem danych 3 GB, 6 GB i 12 GB. Nale\u017cy zwr\u00f3ci\u0107 uwag\u0119 na rozr\u00f3\u017cnienie mi\u0119dzy Brytyjskimi Wyspami Dziewiczymi a Wyspami Dziewiczymi Stan\u00f3w Zjednoczonych.<h2>WhatsApp z kart\u0105 SIM Wyspy Dziewicze<\/h2>\r\nWszystkie po\u0142\u0105czenia prowadzone przez internet, takie jak WhatsApp, Skype czy FaceTime, s\u0105 oczywi\u015bcie mo\u017cliwe r\u00f3wnie\u017c z kart\u0105 SIM do Wysp Dziewiczych. B\u0119dziesz wtedy korzysta\u0107 z pakietu danych. Mo\u017cesz nadal korzysta\u0107 z WhatsAppa z dotychczasowymi kontaktami, grupami i czatami \u2013 bez utraty historii rozm\u00f3wi. Po w\u0142o\u017ceniu przedp\u0142aconej karty SIM aplikacja aplikacja WhatsApp mo\u017ce zapyta\u0107,, czy chcesz utworzy\u0107 nowe konto, czy zachowa\u0107 obecne ustawienia. Wybierz opcj\u0119 zachowania obecnej to\u017csamo\u015bci, aby nic si\u0119 nie zmieni\u0142o. Nast\u0119pnie mo\u017cesz nadal wysy\u0142a\u0107 wiadomo\u015bci i wykonywa\u0107 po\u0142\u0105czenia jak zwykle za pomoc\u0105 WhatsApp.<h2><span data-contrast=\"none\">Zasi\u0119g na<\/span><span data-ccp-props=\"{&quot;134245418&quot;:true,&quot;134245529&quot;:true,&quot;335559738&quot;:160,&quot;335559739&quot;:80}\"> Wyspach<\/span><span data-contrast=\"none\">Dziewiczych<\/span><\/h2>\r\n<span data-contrast=\"auto\">Zasi\u0119g sieci kom\u00f3rkowej jest doskona\u0142y w miastach i na g\u0142\u00f3wnych drogach na Wyspach Dziewiczych. Warto zwr\u00f3ci\u0107 uwag\u0119 na podzia\u0142 na cz\u0119\u015b\u0107 brytyjsk\u0105 z czterema wyspami Tortola, Anegada, Virgin Gorda i<\/span><span data-contrast=\"auto\"> Jost Van Dyke oraz cz\u0119\u015b\u0107 ameryka\u0144sk\u0105 z trzema wyspami St Croix, St John i St Thomas. W odleg\u0142ych obszarach naturalnych i na pi\u0119knych pla\u017cach, takich jak Trunk Bay Beach i White Bay, zasi\u0119g mo\u017ce by\u0107 nieco mniejszy. Generalnie w miastach takich jak Charlotte Amalie i Road Town zasi\u0119g kart SIM na Wyspach Dziewiczych jest dobry.<\/span><h2><span data-contrast=\"none\">Zam\u00f3w bezp\u0142atn\u0105 dostaw\u0119 karty SIM na Wyspy Dziewicze lub odbierz j\u0105 samodzielnie na lotnisku Schiphol<\/span><span data-ccp-props=\"{&quot;134245418&quot;:true,&quot;134245529&quot;:true,&quot;335559738&quot;:160,&quot;335559739&quot;:80}\"> <\/span><\/h2>\r\n<span data-contrast=\"auto\">Przedp\u0142acone karty SIM Virgin Islands  mog\u0105 by\u0107 bezp\u0142atnie dostarczone pod wskazany adres . Je\u015bli zam\u00f3wienie zostanie z\u0142o\u017cone w dni robocze przed godzin\u0105 14:00, zostanie wys\u0142ane poczt\u0105 tego samego dnia. Dostawa nast\u0119puje zwykle w ci\u0105gu kilku dni roboczych.<\/span><span data-ccp-props=\"{}\"> <\/span>","product_specificaties":"<h2><span data-contrast=\"none\">Karta SIM do<\/span><span data-ccp-props=\"{&quot;134245418&quot;:true,&quot;134245529&quot;:true,&quot;335559738&quot;:160,&quot;335559739&quot;:80}\"> Wysp<\/span><span data-contrast=\"none\">Dziewiczych<\/span><\/h2>\r\nOddzielne pakiety dla Brytyjskich Wysp Dziewiczych i Wysp Dziewiczych Stan\u00f3w Zjednoczonych<span data-contrast=\"auto\">Karta SIM jest dost\u0119pna we wszystkich rozmiarach (mini, micro i nano) i pasuje do ka\u017cdego telefonu.<\/span><span data-ccp-props=\"{}\"> <\/span><span data-contrast=\"auto\">Pakiety Brytyjskie Wyspy Dziewicze: nadaje si\u0119 r\u00f3wnie\u017c do hotspotu i urz\u0105dzenia MIFI<\/span>Pakiety Wyspy Dziewicze Stan\u00f3w Zjednoczonych: brak mo\u017cliwo\u015bci hotspotu i MIFI<h2><span data-contrast=\"none\">Dane i po\u0142\u0105czenia na Wyspach Dziewiczych<\/span><span data-ccp-props=\"{&quot;134245418&quot;:true,&quot;134245529&quot;:true,&quot;335559738&quot;:160,&quot;335559739&quot;:80}\"> <\/span><\/h2>\r\n<span data-contrast=\"auto\">Dost\u0119pnych jest sze\u015b\u0107 wariant\u00f3w karty SIM na Wyspy Dziewicze <\/span><span data-contrast=\"auto\">:<\/span><span data-ccp-props=\"{}\"> <\/span><span data-contrast=\"auto\">3<\/span><span data-contrast=\"auto\">GB danych \u20ac29,=<\/span><span data-ccp-props=\"{}\"> <\/span><span data-contrast=\"auto\">W tym 3 GB danych<\/span><span data-ccp-props=\"{}\"> dla Brytyjskich<\/span><span data-ccp-props=\"{}\"> Wysp<\/span><span data-ccp-props=\"{}\"> Dziewiczych<\/span><span data-contrast=\"auto\">6 GB danych \u20ac49,=<\/span><span data-ccp-props=\"{}\"> <\/span><span data-contrast=\"auto\">W tym 6 GB danych<\/span><span data-ccp-props=\"{}\"> dla Brytyjskich Wysp Dziewiczych<\/span><span data-contrast=\"auto\">12 GB danych \u20ac89,=<\/span><span data-ccp-props=\"{}\">\r\n<\/span><span data-contrast=\"auto\">W tym<\/span><span data-contrast=\"auto\">12<\/span><span data-contrast=\"auto\">GB<\/span><span data-contrast=\"auto\">danych<\/span><span data-ccp-props=\"{}\"> dla Brytyjskich Wysp Dziewiczych<\/span><span data-contrast=\"auto\">12 GB danych<\/span><span data-ccp-props=\"{}\"> dla<\/span><span data-ccp-props=\"{}\"> Brytyjskich Wysp Dziewiczych<\/span><span data-contrast=\"auto\">3 GB<\/span><span data-contrast=\"auto\">danych \u20ac 29,=<\/span><span data-ccp-props=\"{}\"> <\/span><span data-contrast=\"auto\">W<\/span><span data-contrast=\"auto\">tym 3 GB danych<\/span><span data-ccp-props=\"{}\"> dla Ameryka\u0144skich Wysp Dziewiczych<\/span><span data-contrast=\"auto\">6 GB danych \u20ac 49,<\/span><span data-contrast=\"auto\">=<\/span><span data-ccp-props=\"{}\"> <\/span><span data-contrast=\"auto\">W tym 6 GB danych<\/span><span data-ccp-props=\"{}\"> dla Ameryka\u0144skich Wysp Dziewiczych<\/span><span data-contrast=\"auto\">12 GB danych \u20ac 89,=<\/span><span data-ccp-props=\"{}\">\r\n<\/span><span data-contrast=\"auto\">W tym 12 GB danych<\/span><span data-ccp-props=\"{}\"> dla Ameryka\u0144skich Wysp Dziewiczych<\/span><span data-contrast=\"auto\">Pakiety danych s\u0105 wa\u017cne 30 dni od momentu aktywacji.<\/span><span data-ccp-props=\"{}\"> <\/span>","product_handleiding":"<h2><span data-contrast=\"none\">Jak zainstalowa\u0107 kart\u0119 SIM z Brytyjskich Wysp Dziewiczych w smarfonie?<\/span><span data-ccp-props=\"{&quot;134245418&quot;:true,&quot;134245529&quot;:true,&quot;335559738&quot;:160,&quot;335559739&quot;:80}\"> <\/span><\/h2>\r\n<span data-contrast=\"auto\">Otw\u00f3rz tack\u0119 na kart\u0119 SIM znajduj\u0105c\u0105 si\u0119 z boku telefonu. Mo\u017cna to zrobi\u0107 za pomoc\u0105 szpilki do\u0142\u0105czonej do telefonu. Je\u015bli jej nie masz, mo\u017cesz j\u0105 wykona\u0107, prostuj\u0105c spinacz do papieru. Karty SIM Airport Telecom dost\u0119pne s\u0105 z dodatkow\u0105 szpilk\u0105.<\/span><span data-ccp-props=\"{}\"> <\/span><span data-contrast=\"auto\">Wyjmij w\u0142asn\u0105 kart\u0119 SIM i zachowaj j\u0105 w bezpiecznym miejscu! W\u0142\u00f3\u017c now\u0105 kart\u0119 SIM. Mo\u017cna to zrobi\u0107 tylko w jeden spos\u00f3b. Telefon mo\u017ce by\u0107 wyposa\u017cony w kilka kart SIM.<\/span> W\u0142\u00f3\u017c<span data-contrast=\"auto\">now\u0105 kart\u0119 SIM jako kart\u0119 dodatkow\u0105.<\/span><span data-ccp-props=\"{}\"> <\/span><span data-contrast=\"auto\">Wsu\u0144 tack\u0119 z kart\u0105 SIM z powrotem do telefonu. Nowa karta SIM aktywuje si\u0119 automatycznie. Telefon mo\u017ce poprosi\u0107 o wprowadzenie dodatkowych ustawie\u0144.<\/span><span data-ccp-props=\"{}\"> <\/span>","product_veelgestelde_vragen":[{"vraag":"Jakiej karty SIM u\u017cywa\u0107 na Wyspach Dziewiczych? ","antwoord":"W przypadku kr\u00f3tkiego, kilkudniowego pobytu prawdopodobnie nie b\u0119dziesz potrzebowa\u0107 du\u017cej ilo\u015bci danych. Pakiet 3 GB danych dla Wysp Dziewiczych mo\u017ce okaza\u0107 si\u0119 wystarczaj\u0105cy. Aplikacje takie jak WhatsApp, Instagram i nawigacja nie zu\u017cywaj\u0105 du\u017co danych. W przypadku d\u0142u\u017cszego pobytu warto zdecydowa\u0107 si\u0119 na pakiet 12 GB, aby zapewni\u0107 sobie wystarczaj\u0105c\u0105 ilo\u015b\u0107 danych.  "},{"vraag":"Gdzie kupi\u0107 kart\u0119 SIM na Wyspy Dziewicze? ","antwoord":"Kup kart\u0119 SIM Virgin Islands w Airport Telecom. . Z\u0142\u00f3\u017c zam\u00f3wienie online, a karta SIM zostanie bezp\u0142atnie dostarczona na Tw\u00f3j adres domowy. "}]},"yoast_head":"<!-- This site is optimized with the Yoast SEO Premium plugin v24.4 (Yoast SEO v26.9) - https:\/\/yoast.com\/product\/yoast-seo-premium-wordpress\/ -->\n<title>Karta SIM Wyspy Dziewicze kupi\u0107 przedp\u0142acony pakiet (nieograniczone) po\u0142\u0105czenia i internet - Airport Telecom PL<\/title>\n<meta name=\"description\" content=\"Szukasz karty przedp\u0142aconej Karta SIM Wyspy Dziewicze na (nieograniczone) rozmowy i internet? Optymalna dost\u0119pno\u015b\u0107 podczas podr\u00f3\u017cy w Karta SIM Antyle i Karaiby. Ju\u017c w sprzeda\u017cy od !\" \/>\n<meta name=\"robots\" content=\"index, follow, max-snippet:-1, max-image-preview:large, max-video-preview:-1\" \/>\n<link rel=\"canonical\" href=\"https:\/\/airporttelecom.com\/pl\/karta-sim\/wyspy-dziewicze\/\" \/>\n<meta property=\"og:locale\" content=\"pl_PL\" \/>\n<meta property=\"og:type\" content=\"article\" \/>\n<meta property=\"og:title\" content=\"Karta SIM Wyspy Dziewicze\" \/>\n<meta property=\"og:description\" content=\"Szukasz karty przedp\u0142aconej Karta SIM Wyspy Dziewicze na (nieograniczone) rozmowy i internet? Optymalna dost\u0119pno\u015b\u0107 podczas podr\u00f3\u017cy w Karta SIM Antyle i Karaiby. Ju\u017c w sprzeda\u017cy od !\" \/>\n<meta property=\"og:url\" content=\"https:\/\/airporttelecom.com\/pl\/karta-sim\/wyspy-dziewicze\/\" \/>\n<meta property=\"og:site_name\" content=\"Airport Telecom PL\" \/>\n<meta property=\"article:modified_time\" content=\"2026-01-20T08:23:44+00:00\" \/>\n<meta property=\"og:image\" content=\"https:\/\/airporttelecom.com\/pl\/wp-content\/uploads\/sites\/7\/2024\/07\/Simkaart-Virgin-Islands.png\" \/>\n\t<meta property=\"og:image:width\" content=\"800\" \/>\n\t<meta property=\"og:image:height\" content=\"319\" \/>\n\t<meta property=\"og:image:type\" content=\"image\/png\" \/>\n<meta name=\"twitter:card\" content=\"summary_large_image\" \/>\n<meta name=\"twitter:label1\" content=\"Szacowany czas czytania\" \/>\n\t<meta name=\"twitter:data1\" content=\"1 minuta\" \/>\n<script type=\"application\/ld+json\" class=\"yoast-schema-graph\">{\"@context\":\"https:\/\/schema.org\",\"@graph\":[{\"@type\":\"WebPage\",\"@id\":\"https:\/\/airporttelecom.com\/pl\/karta-sim\/wyspy-dziewicze\/\",\"url\":\"https:\/\/airporttelecom.com\/pl\/karta-sim\/wyspy-dziewicze\/\",\"name\":\"Karta SIM Wyspy Dziewicze kupi\u0107 przedp\u0142acony pakiet (nieograniczone) po\u0142\u0105czenia i internet - Airport Telecom PL\",\"isPartOf\":{\"@id\":\"https:\/\/airporttelecom.com\/pl\/#website\"},\"primaryImageOfPage\":{\"@id\":\"https:\/\/airporttelecom.com\/pl\/karta-sim\/wyspy-dziewicze\/#primaryimage\"},\"image\":{\"@id\":\"https:\/\/airporttelecom.com\/pl\/karta-sim\/wyspy-dziewicze\/#primaryimage\"},\"thumbnailUrl\":\"https:\/\/airporttelecom.com\/pl\/wp-content\/uploads\/sites\/7\/2024\/07\/Simkaart-Virgin-Islands.png\",\"datePublished\":\"2024-07-30T09:43:49+00:00\",\"dateModified\":\"2026-01-20T08:23:44+00:00\",\"description\":\"Szukasz karty przedp\u0142aconej Karta SIM Wyspy Dziewicze na (nieograniczone) rozmowy i internet? Optymalna dost\u0119pno\u015b\u0107 podczas podr\u00f3\u017cy w Karta SIM Antyle i Karaiby. Ju\u017c w sprzeda\u017cy od !\",\"breadcrumb\":{\"@id\":\"https:\/\/airporttelecom.com\/pl\/karta-sim\/wyspy-dziewicze\/#breadcrumb\"},\"inLanguage\":\"pl-PL\",\"potentialAction\":[{\"@type\":\"ReadAction\",\"target\":[\"https:\/\/airporttelecom.com\/pl\/karta-sim\/wyspy-dziewicze\/\"]}]},{\"@type\":\"ImageObject\",\"inLanguage\":\"pl-PL\",\"@id\":\"https:\/\/airporttelecom.com\/pl\/karta-sim\/wyspy-dziewicze\/#primaryimage\",\"url\":\"https:\/\/airporttelecom.com\/pl\/wp-content\/uploads\/sites\/7\/2024\/07\/Simkaart-Virgin-Islands.png\",\"contentUrl\":\"https:\/\/airporttelecom.com\/pl\/wp-content\/uploads\/sites\/7\/2024\/07\/Simkaart-Virgin-Islands.png\",\"width\":800,\"height\":319,\"caption\":\"Karta SIM na Wyspy Dziewicze\"},{\"@type\":\"BreadcrumbList\",\"@id\":\"https:\/\/airporttelecom.com\/pl\/karta-sim\/wyspy-dziewicze\/#breadcrumb\",\"itemListElement\":[{\"@type\":\"ListItem\",\"position\":1,\"name\":\"Home\",\"item\":\"https:\/\/airporttelecom.com\/pl\/\"},{\"@type\":\"ListItem\",\"position\":2,\"name\":\"Karta SIM\",\"item\":\"https:\/\/airporttelecom.com\/pl\/karta-sim\/\"},{\"@type\":\"ListItem\",\"position\":3,\"name\":\"Karta SIM Wyspy Dziewicze\"}]},{\"@type\":\"WebSite\",\"@id\":\"https:\/\/airporttelecom.com\/pl\/#website\",\"url\":\"https:\/\/airporttelecom.com\/pl\/\",\"name\":\"Airport Telecom\",\"description\":\"\",\"publisher\":{\"@id\":\"https:\/\/airporttelecom.com\/pl\/#organization\"},\"potentialAction\":[{\"@type\":\"SearchAction\",\"target\":{\"@type\":\"EntryPoint\",\"urlTemplate\":\"https:\/\/airporttelecom.com\/pl\/?s={search_term_string}\"},\"query-input\":{\"@type\":\"PropertyValueSpecification\",\"valueRequired\":true,\"valueName\":\"search_term_string\"}}],\"inLanguage\":\"pl-PL\"},{\"@type\":\"Organization\",\"@id\":\"https:\/\/airporttelecom.com\/pl\/#organization\",\"name\":\"Airport Telecom\",\"url\":\"https:\/\/airporttelecom.com\/pl\/\",\"logo\":{\"@type\":\"ImageObject\",\"inLanguage\":\"pl-PL\",\"@id\":\"https:\/\/airporttelecom.com\/pl\/#\/schema\/logo\/image\/\",\"url\":\"https:\/\/airporttelecom.com\/pl\/wp-content\/uploads\/sites\/7\/2024\/06\/icon.png?wsr\",\"contentUrl\":\"https:\/\/airporttelecom.com\/pl\/wp-content\/uploads\/sites\/7\/2024\/06\/icon.png?wsr\",\"width\":110,\"height\":110,\"caption\":\"Airport Telecom\"},\"image\":{\"@id\":\"https:\/\/airporttelecom.com\/pl\/#\/schema\/logo\/image\/\"}}]}<\/script>\n<!-- \/ Yoast SEO Premium plugin. -->","yoast_head_json":{"title":"Karta SIM Wyspy Dziewicze kupi\u0107 przedp\u0142acony pakiet (nieograniczone) po\u0142\u0105czenia i internet - Airport Telecom PL","description":"Szukasz karty przedp\u0142aconej Karta SIM Wyspy Dziewicze na (nieograniczone) rozmowy i internet? Optymalna dost\u0119pno\u015b\u0107 podczas podr\u00f3\u017cy w Karta SIM Antyle i Karaiby. Ju\u017c w sprzeda\u017cy od !","robots":{"index":"index","follow":"follow","max-snippet":"max-snippet:-1","max-image-preview":"max-image-preview:large","max-video-preview":"max-video-preview:-1"},"canonical":"https:\/\/airporttelecom.com\/pl\/karta-sim\/wyspy-dziewicze\/","og_locale":"pl_PL","og_type":"article","og_title":"Karta SIM Wyspy Dziewicze","og_description":"Szukasz karty przedp\u0142aconej Karta SIM Wyspy Dziewicze na (nieograniczone) rozmowy i internet? Optymalna dost\u0119pno\u015b\u0107 podczas podr\u00f3\u017cy w Karta SIM Antyle i Karaiby. Ju\u017c w sprzeda\u017cy od !","og_url":"https:\/\/airporttelecom.com\/pl\/karta-sim\/wyspy-dziewicze\/","og_site_name":"Airport Telecom PL","article_modified_time":"2026-01-20T08:23:44+00:00","og_image":[{"width":800,"height":319,"url":"https:\/\/airporttelecom.com\/pl\/wp-content\/uploads\/sites\/7\/2024\/07\/Simkaart-Virgin-Islands.png","type":"image\/png"}],"twitter_card":"summary_large_image","twitter_misc":{"Szacowany czas czytania":"1 minuta"},"schema":{"@context":"https:\/\/schema.org","@graph":[{"@type":"WebPage","@id":"https:\/\/airporttelecom.com\/pl\/karta-sim\/wyspy-dziewicze\/","url":"https:\/\/airporttelecom.com\/pl\/karta-sim\/wyspy-dziewicze\/","name":"Karta SIM Wyspy Dziewicze kupi\u0107 przedp\u0142acony pakiet (nieograniczone) po\u0142\u0105czenia i internet - Airport Telecom PL","isPartOf":{"@id":"https:\/\/airporttelecom.com\/pl\/#website"},"primaryImageOfPage":{"@id":"https:\/\/airporttelecom.com\/pl\/karta-sim\/wyspy-dziewicze\/#primaryimage"},"image":{"@id":"https:\/\/airporttelecom.com\/pl\/karta-sim\/wyspy-dziewicze\/#primaryimage"},"thumbnailUrl":"https:\/\/airporttelecom.com\/pl\/wp-content\/uploads\/sites\/7\/2024\/07\/Simkaart-Virgin-Islands.png","datePublished":"2024-07-30T09:43:49+00:00","dateModified":"2026-01-20T08:23:44+00:00","description":"Szukasz karty przedp\u0142aconej Karta SIM Wyspy Dziewicze na (nieograniczone) rozmowy i internet? Optymalna dost\u0119pno\u015b\u0107 podczas podr\u00f3\u017cy w Karta SIM Antyle i Karaiby. Ju\u017c w sprzeda\u017cy od !","breadcrumb":{"@id":"https:\/\/airporttelecom.com\/pl\/karta-sim\/wyspy-dziewicze\/#breadcrumb"},"inLanguage":"pl-PL","potentialAction":[{"@type":"ReadAction","target":["https:\/\/airporttelecom.com\/pl\/karta-sim\/wyspy-dziewicze\/"]}]},{"@type":"ImageObject","inLanguage":"pl-PL","@id":"https:\/\/airporttelecom.com\/pl\/karta-sim\/wyspy-dziewicze\/#primaryimage","url":"https:\/\/airporttelecom.com\/pl\/wp-content\/uploads\/sites\/7\/2024\/07\/Simkaart-Virgin-Islands.png","contentUrl":"https:\/\/airporttelecom.com\/pl\/wp-content\/uploads\/sites\/7\/2024\/07\/Simkaart-Virgin-Islands.png","width":800,"height":319,"caption":"Karta SIM na Wyspy Dziewicze"},{"@type":"BreadcrumbList","@id":"https:\/\/airporttelecom.com\/pl\/karta-sim\/wyspy-dziewicze\/#breadcrumb","itemListElement":[{"@type":"ListItem","position":1,"name":"Home","item":"https:\/\/airporttelecom.com\/pl\/"},{"@type":"ListItem","position":2,"name":"Karta SIM","item":"https:\/\/airporttelecom.com\/pl\/karta-sim\/"},{"@type":"ListItem","position":3,"name":"Karta SIM Wyspy Dziewicze"}]},{"@type":"WebSite","@id":"https:\/\/airporttelecom.com\/pl\/#website","url":"https:\/\/airporttelecom.com\/pl\/","name":"Airport Telecom","description":"","publisher":{"@id":"https:\/\/airporttelecom.com\/pl\/#organization"},"potentialAction":[{"@type":"SearchAction","target":{"@type":"EntryPoint","urlTemplate":"https:\/\/airporttelecom.com\/pl\/?s={search_term_string}"},"query-input":{"@type":"PropertyValueSpecification","valueRequired":true,"valueName":"search_term_string"}}],"inLanguage":"pl-PL"},{"@type":"Organization","@id":"https:\/\/airporttelecom.com\/pl\/#organization","name":"Airport Telecom","url":"https:\/\/airporttelecom.com\/pl\/","logo":{"@type":"ImageObject","inLanguage":"pl-PL","@id":"https:\/\/airporttelecom.com\/pl\/#\/schema\/logo\/image\/","url":"https:\/\/airporttelecom.com\/pl\/wp-content\/uploads\/sites\/7\/2024\/06\/icon.png?wsr","contentUrl":"https:\/\/airporttelecom.com\/pl\/wp-content\/uploads\/sites\/7\/2024\/06\/icon.png?wsr","width":110,"height":110,"caption":"Airport Telecom"},"image":{"@id":"https:\/\/airporttelecom.com\/pl\/#\/schema\/logo\/image\/"}}]}},"custom_permalink":"karta-sim\/wyspy-dziewicze","_links":{"self":[{"href":"https:\/\/airporttelecom.com\/pl\/wp-json\/wp\/v2\/product\/784","targetHints":{"allow":["GET"]}}],"collection":[{"href":"https:\/\/airporttelecom.com\/pl\/wp-json\/wp\/v2\/product"}],"about":[{"href":"https:\/\/airporttelecom.com\/pl\/wp-json\/wp\/v2\/types\/product"}],"replies":[{"embeddable":true,"href":"https:\/\/airporttelecom.com\/pl\/wp-json\/wp\/v2\/comments?post=784"}],"wp:featuredmedia":[{"embeddable":true,"href":"https:\/\/airporttelecom.com\/pl\/wp-json\/wp\/v2\/media\/1130"}],"wp:attachment":[{"href":"https:\/\/airporttelecom.com\/pl\/wp-json\/wp\/v2\/media?parent=784"}],"wp:term":[{"taxonomy":"product_brand","embeddable":true,"href":"https:\/\/airporttelecom.com\/pl\/wp-json\/wp\/v2\/product_brand?post=784"},{"taxonomy":"product_cat","embeddable":true,"href":"https:\/\/airporttelecom.com\/pl\/wp-json\/wp\/v2\/product_cat?post=784"},{"taxonomy":"product_tag","embeddable":true,"href":"https:\/\/airporttelecom.com\/pl\/wp-json\/wp\/v2\/product_tag?post=784"}],"curies":[{"name":"wp","href":"https:\/\/api.w.org\/{rel}","templated":true}]}}