{"id":799,"date":"2024-07-30T09:54:55","date_gmt":"2024-07-30T09:54:55","guid":{"rendered":"https:\/\/airporttelecom.outperforming.nl\/nl\/?post_type=product&#038;p=799"},"modified":"2026-02-26T12:16:45","modified_gmt":"2026-02-26T12:16:45","slug":"simkaart-verenigde-staten","status":"publish","type":"product","link":"https:\/\/airporttelecom.com\/pl\/karta-sim\/usa\/","title":{"rendered":"Karta SIM USA"},"content":{"rendered":"","protected":false},"excerpt":{"rendered":"","protected":false},"featured_media":1174,"comment_status":"open","ping_status":"closed","template":"","meta":{"_acf_changed":false},"product_brand":[],"product_cat":[17],"product_tag":[24],"class_list":{"0":"post-799","1":"product","2":"type-product","3":"status-publish","4":"has-post-thumbnail","6":"product_cat-karta-sim","7":"product_tag-karta-sim-ameryka-polnocna","9":"first","10":"instock","11":"taxable","12":"shipping-taxable","13":"purchasable","14":"product-type-variable"},"acf":{"gebied_afbeelding":1885,"vlag_afbeelding":922,"provider":["THR","LYC","LIN"],"product_synoniemen":[{"synoniem":"United States"},{"synoniem":"Verenigde Staten"},{"synoniem":"USA"},{"synoniem":"New York"}],"product_bestel_velden":["vertrekdatum","phone"],"product_omschrijving":"<ul class=\"tabs\">\r\n \t<li><button data-tab=\"2\">Specyfikacja<\/button><\/li>\r\n \t<li><button data-tab=\"3\">instrukcja instalacji i u\u017cytkowania obs\u0142ugi<\/button><\/li>\r\n<\/ul>\r\n<div class=\"tab-content\">\r\n<div class=\"content active\" data-content=\"1\">\r\n<h2>Internet mobilny i \u0142\u0105czno\u015b\u0107 kom\u00f3rkowa w USA z kart\u0105 SIM<\/h2>\r\n<\/div>\r\n<\/div>\r\nZ przedp\u0142aconymi kartami SIM USA (prepaid) od Airport Telecom pozostajesz w kontakcie na terenie ca\u0142ych Stan\u00f3w Zjednoczonych pod jednym numerem telefonu. Do wyboru masz r\u00f3\u017cne pakiety danych i po\u0142\u0105cze\u0144, idealne do korzystania z internetu mobilnego w USA. Karty SIM USA zapewniaj\u0105 szybki dost\u0119p do e-maila, WhatsAppa, nawigacji oraz innych aplikacji dzi\u0119ki technologii 4G\/5G.\r\n<h2>Karta SIM USA \u2013 pakiety danych i po\u0142\u0105cze\u0144 na podr\u00f3\u017c<\/h2>\r\nKarta SIM do USA dost\u0119pna jest z pakietem danych 12 GB lub z nielimitowanym internetem mobilnym.\r\n<h3>Karta SIM USA - pakiet danych 12 GB<\/h3>\r\nPakiet danych wa\u017cny 30 dni. Z kart\u0105 SIM USA 12 GB pozostajesz dost\u0119pny na terenie ca\u0142ych Stan\u00f3w Zjednoczonych pod jednym numerem telefonu. Pakiet obejmuje 12 GB danych, co sprawia, \u017ce jest idealny do korzystania z internetu mobilnego podczas podr\u00f3\u017cy.\r\nKarta umo\u017cliwia odbieranie po\u0142\u0105cze\u0144 przychodz\u0105cych, natomiast standardowe po\u0142\u0105czenia wychodz\u0105ce nie s\u0105 dost\u0119pne. Wszystkie po\u0142\u0105czenia internetowe, takie jak WhatsApp, Skype czy FaceTime, dzia\u0142aj\u0105 bez ogranicze\u0144 i korzystaj\u0105 z Twojego pakietu danych.\r\nPo aktywacji karty SIM numer telefonu do odbierania po\u0142\u0105cze\u0144 w USA otrzymasz SMS-em. Jest to numer z prefiksem mi\u0119dzynarodowym (+44).\r\nKarta SIM 12 GB cieszy si\u0119 popularno\u015bci\u0105 w\u015br\u00f3d podr\u00f3\u017cuj\u0105cych ze wzgl\u0119du na atrakcyjny pakiet danych i wygod\u0119 u\u017cytkowania.\r\n<h3>Nielimitowana karta SIM USA<\/h3>\r\nPakiet danych wa\u017cny 30 dni. Nielimitowana karta SIM USA od Airport Telecom z internetem mobilnym bez ogranicze\u0144 pozwala pozosta\u0107 w kontakcie w ca\u0142ych Stanach Zjednoczonych pod jednym ameryka\u0144skim numerem telefonu (+1). Karta oferuje nielimitowan\u0105 transmisj\u0119 danych oraz nielimitowane po\u0142\u0105czenia w USA, dzi\u0119ki czemu jest idealna do korzystania z internetu w podr\u00f3\u017cy oraz kontaktu z hotelami, restauracjami i innymi us\u0142ugami w USA.\r\nNielimitowana karta SIM USA mo\u017ce by\u0107 do\u0142adowywana. Obs\u0142uguje ona tethering, czyli udost\u0119pnianie internetu w formie hotspotu oraz korzystanie z router\u00f3w MiFi. Mo\u017cliwo\u015b\u0107 wykorzystania internetu w hotspotach zale\u017cy jednak od rodzaju urz\u0105dzenia i systemu operacyjnego. W przypadku iPhone\u2019a ca\u0142y pakiet Unlimited mo\u017ce by\u0107 u\u017cywany do hotspotu i w urz\u0105dzeniach MiFi bez dodatkowych ogranicze\u0144. Natomiast w telefonach z systemem Android w ramach nielimitowanego pakietu karty SIM USA mo\u017cliwe jest wykorzystanie do 5 GB danych na hotspot i MiFi.\r\n\r\nKarty SIM do USA zapewniaj\u0105 doskona\u0142y og\u00f3lnokrajowy zasi\u0119g dzi\u0119ki sieciom 4G i 5G operator\u00f3w AT&amp;T i T-Mobile. W Stanach Zjednoczonych nie jest wymagana rejestracja u\u017cytkownika. Po przyje\u017adzie wystarczy w\u0142o\u017cy\u0107 kart\u0119 SIM do telefonu, aby natychmiast korzysta\u0107 z internetu mobilnego. Pakiety s\u0105 wa\u017cne 30 dni, co czyni je idealnym rozwi\u0105zaniem dla podr\u00f3\u017cuj\u0105cych do Stan\u00f3w Zjednoczonych.\r\n<h2>Korzystanie z WhatsApp i innych aplikacji z kart\u0105 SIM USA<\/h2>\r\nZ kart\u0105 SIM USA mo\u017cesz korzysta\u0107 z WhatsApp dok\u0142adnie tak samo, jak w Polsce. Dotyczy to tak\u017ce wszystkich innych aplikacji mobilnych. Po wykryciu nowej karty SIM z ameryka\u0144skim numerem aplikacja WhatsApp mo\u017ce zapyta\u0107,, czy chcesz u\u017cywa\u0107 nowego numeru, czy pozosta\u0107 przy dotychczasowym. Je\u015bli wybierzesz sw\u00f3j polski numer, nic si\u0119 nie zmieni \u2013 zachowasz aktualny profil WhatsApp, wraz ze wszystkimi kontaktami, grupami i czatami.\r\n<h2>Zasi\u0119g sieci kom\u00f3rkowej w USA<\/h2>\r\nKarty SIM do USA korzystaj\u0105 z sieci AT&amp;T i T-Mobile, kt\u00f3re obejmuj\u0105 oko\u0142o 99% mieszka\u0144c\u00f3w USA. Dzi\u0119ki temu zasi\u0119g mobilny oraz transmisja danych s\u0105 znakomite \u2014 bez problemu mo\u017cesz wysy\u0142a\u0107 e-maile z Manhattanu, przegl\u0105da\u0107 Instagram na pla\u017cy w Santa Monica czy korzysta\u0107 z internetu mobilnego podczas wizyty w Disney World. Sie\u0107 zapewnia stabilne po\u0142\u0105czenie zar\u00f3wno w du\u017cych miastach, jak i mniejszych miejscowo\u015bciach, co sprawia, \u017ce karta SIM USA jest idealnym rozwi\u0105zaniem dla podr\u00f3\u017cuj\u0105cych po ca\u0142ym kraju.\r\nWarto jednak pami\u0119ta\u0107, \u017ce w niezamieszkanych lub s\u0142abo zaludnionych rejonach dost\u0119p do sieci mo\u017ce by\u0107 ograniczony. Dotyczy to przede wszystkim park\u00f3w narodowych, takich jak Yellowstone, Yosemite czy Everglades, Wielkiego Kanionu, a tak\u017ce odleg\u0142ych teren\u00f3w Alaski. W takich miejscach korzystanie z aplikacji mobilnych, takich jak WhatsApp czy inne komunikatory internetowe, mo\u017ce by\u0107 utrudnione, a przesy\u0142anie danych wolniejsze lub niestabilne. S\u0105 to jednak nieliczne wyj\u0105tki, a wi\u0119kszo\u015b\u0107 popularnych tras turystycznych i miast oferuje doskona\u0142\u0105 jako\u015b\u0107 po\u0142\u0105cze\u0144 i internetu mobilnego.\r\nOd Nowego Jorku po Miami, od Chicago po Los Angeles, zar\u00f3wno w wielkich metropoliach, jak i w mniejszych miejscowo\u015bciach, mo\u017cesz bez przeszk\u00f3d wykonywa\u0107 po\u0142\u0105czenia telefoniczne, korzysta\u0107 z internetu mobilnego i przesy\u0142a\u0107 dane, co czyni kart\u0119 SIM USA niezawodnym rozwi\u0105zaniem dla podr\u00f3\u017cuj\u0105cych po Stanach Zjednoczonych.\r\n<h2><b>Karta SIM USA z darmow\u0105 dostaw\u0105 do domu<\/b><\/h2>\r\nKarta SIM USA zostanie bezp\u0142atnie dostarczona pod wskazany adres. Zam\u00f3wienia z\u0142o\u017cone w dni robocze przed godzin\u0105 14:00 wysy\u0142amy tego samego dnia. Standardowy czas dostawy wynosi oko\u0142o 5 dni roboczych.\r\nPotrzebujesz karty SIM szybciej? Wybierz eSIM USA, kt\u00f3ra zostanie wys\u0142ana bezpo\u015brednio na Tw\u00f3j adres e-mail i jest gotowa do natychmiastowej instalacji w telefonie.","product_specificaties":"<h2>Zalety karty SIM USA<\/h2>\r\n<ul>\r\n \t<li>Zasi\u0119g na terenie ca\u0142ych Stan\u00f3w Zjednoczonych pod jednym numerem telefonu.<\/li>\r\n \t<li>Karta SIM USA jest dost\u0119pna we wszystkich rozmiarach (mini, micro i nano).<\/li>\r\n \t<li>Karta SIM USA dzia\u0142a w ka\u017cdym telefonie iPhone i innych smartfonach.<\/li>\r\n \t<li>Zam\u00f3w bezp\u0142atn\u0105 dostaw\u0119 karty SIM do domu lub odbierz kart\u0119 SIM USA w Schiphol Plaza przy wylocie.<\/li>\r\n<\/ul>\r\n<h2>internet i po\u0142\u0105czenia w USA<\/h2>\r\nDost\u0119pne s\u0105 dwa warianty karty SIM USA:\r\n<h3>Karta SIM 12 GB Ameryka, 36<\/h3>\r\n<ul>\r\n \t<li>12 GB danych w ca\u0142ych Stanach Zjednoczonych*<\/li>\r\n \t<li>Angielski numer telefonu (+44)<\/li>\r\n \t<li>Na ten numer mo\u017cna odbiera\u0107 nielimitowane po\u0142\u0105czenia<\/li>\r\n \t<li>Po\u0142\u0105czenia wychodz\u0105ce mog\u0105 by\u0107 wykonywane tylko za po\u015brednictwem danych, takich jak WhatsApp, Facetime.<\/li>\r\n \t<li>Pakiet jest wa\u017cny 30 dni<\/li>\r\n<\/ul>\r\n<h3>Nielimitowana karta SIM USA, 69<\/h3>\r\n<ul>\r\n \t<li>Nielimitowane dane w ca\u0142ych Stanach Zjednoczonych*<\/li>\r\n \t<li>Nielimitowane po\u0142\u0105czenia w USA*<\/li>\r\n \t<li>Nielimitowane po\u0142\u0105czenia w USA<\/li>\r\n \t<li>Ameryka\u0144ski numer telefonu (+1)<\/li>\r\n \t<li>Pakiet jest wa\u017cny 30 dni, a nast\u0119pnie mo\u017cna go do\u0142adowa\u0107 za po\u015brednictwem tej strony internetowej.<\/li>\r\n<\/ul>\r\n(*) Obowi\u0105zuj\u0105 zasady dozwolonego u\u017cytku. W przypadku ekstremalnego wykorzystania danych lub zachowa\u0144 zwi\u0105zanych z po\u0142\u0105czeniami, operator w USA mo\u017ce ograniczy\u0107 mo\u017cliwo\u015bci karty SIM.","product_handleiding":"<h2><span data-contrast=\"none\">Jak zainstalowa\u0107 kart\u0119 SIM USA w smarfonie?<\/span><\/h2>\r\n<span data-contrast=\"none\">Otw\u00f3rz tack\u0119 na kart\u0119 SIM znajduj\u0105c\u0105 si\u0119 z boku telefonu. Mo\u017cna to zrobi\u0107 za pomoc\u0105 szpilki do\u0142\u0105czonej do telefonu. Je\u015bli jej nie masz, mo\u017cesz j\u0105 wykona\u0107, prostuj\u0105c spinacz do papieru. Karty SIM Airport Telecom dost\u0119pne s\u0105 z dodatkow\u0105 szpilk\u0105.<\/span> <span data-contrast=\"none\">Wyjmij w\u0142asn\u0105 kart\u0119 SIM i zachowaj j\u0105 w bezpiecznym miejscu! W\u0142\u00f3\u017c now\u0105 kart\u0119 SIM. Mo\u017cna to zrobi\u0107 tylko w jeden spos\u00f3b. Telefon mo\u017ce by\u0107 wyposa\u017cony w kilka kart SIM.<\/span> W\u0142\u00f3\u017c<span data-contrast=\"none\">now\u0105 kart\u0119 SIM jako kart\u0119 dodatkow\u0105.<\/span> <span data-contrast=\"none\">Wsu\u0144 tack\u0119 z kart\u0105 SIM z powrotem do telefonu. Nowa karta SIM aktywuje si\u0119 automatycznie. Telefon mo\u017ce poprosi\u0107 o wprowadzenie dodatkowych ustawie\u0144.<\/span>","product_veelgestelde_vragen":[{"vraag":"Jaka karta SIM do USA jest najlepsza?","antwoord":"W przypadku kr\u00f3tkiego, kilkudniowego pobytu w USA prawdopodobnie nie b\u0119dziesz potrzebowa\u0107 du\u017cej ilo\u015bci danych. Pakiet 12 GB do Ameryki mo\u017ce okaza\u0107 si\u0119 w zupe\u0142no\u015bci wystarczaj\u0105cy \u2014 aplikacje takie jak WhatsApp, Instagram czy nawigacja zu\u017cywaj\u0105 stosunkowo niewiele danych. Je\u015bli planujesz d\u0142u\u017cszy wyjazd, warto wybra\u0107 opcj\u0119 z nielimitowanymi danymi, aby mie\u0107 nieograniczony dost\u0119p do internetu. Nielimitowana karta SIM oferuje r\u00f3wnie\u017c nielimitowane po\u0142\u0105czenia telefoniczne w USA. \r\n"},{"vraag":"Gdzie kupi\u0107 kart\u0119 SIM do USA?","antwoord":"Kup kart\u0119 SIM do USA online na stronie Airport Telecom. Karta SIM USA zostanie bezp\u0142atnie dostarczona pod wskazany adres. "}]},"yoast_head":"<!-- This site is optimized with the Yoast SEO Premium plugin v24.4 (Yoast SEO v26.9) - https:\/\/yoast.com\/product\/yoast-seo-premium-wordpress\/ -->\n<title>Karta SIM USA kupi\u0107 przedp\u0142acony pakiet (nieograniczone) po\u0142\u0105czenia i internet - Airport Telecom PL<\/title>\n<meta name=\"description\" content=\"Szukasz karty przedp\u0142aconej Karta SIM USA na (nieograniczone) rozmowy i internet? Optymalna dost\u0119pno\u015b\u0107 podczas podr\u00f3\u017cy w Karta SIM Ameryka P\u00f3\u0142nocna. Ju\u017c w sprzeda\u017cy od !\" \/>\n<meta name=\"robots\" content=\"index, follow, max-snippet:-1, max-image-preview:large, max-video-preview:-1\" \/>\n<link rel=\"canonical\" href=\"https:\/\/airporttelecom.com\/pl\/karta-sim\/usa\/\" \/>\n<meta property=\"og:locale\" content=\"pl_PL\" \/>\n<meta property=\"og:type\" content=\"article\" \/>\n<meta property=\"og:title\" content=\"Karta SIM USA\" \/>\n<meta property=\"og:description\" content=\"Szukasz karty przedp\u0142aconej Karta SIM USA na (nieograniczone) rozmowy i internet? Optymalna dost\u0119pno\u015b\u0107 podczas podr\u00f3\u017cy w Karta SIM Ameryka P\u00f3\u0142nocna. Ju\u017c w sprzeda\u017cy od !\" \/>\n<meta property=\"og:url\" content=\"https:\/\/airporttelecom.com\/pl\/karta-sim\/usa\/\" \/>\n<meta property=\"og:site_name\" content=\"Airport Telecom PL\" \/>\n<meta property=\"article:modified_time\" content=\"2026-02-26T12:16:45+00:00\" \/>\n<meta property=\"og:image\" content=\"https:\/\/airporttelecom.com\/pl\/wp-content\/uploads\/sites\/7\/2024\/07\/Simkaart-USA.png\" \/>\n\t<meta property=\"og:image:width\" content=\"800\" \/>\n\t<meta property=\"og:image:height\" content=\"319\" \/>\n\t<meta property=\"og:image:type\" content=\"image\/png\" \/>\n<meta name=\"twitter:card\" content=\"summary_large_image\" \/>\n<meta name=\"twitter:label1\" content=\"Szacowany czas czytania\" \/>\n\t<meta name=\"twitter:data1\" content=\"1 minuta\" \/>\n<script type=\"application\/ld+json\" class=\"yoast-schema-graph\">{\"@context\":\"https:\/\/schema.org\",\"@graph\":[{\"@type\":\"WebPage\",\"@id\":\"https:\/\/airporttelecom.com\/pl\/karta-sim\/usa\/\",\"url\":\"https:\/\/airporttelecom.com\/pl\/karta-sim\/usa\/\",\"name\":\"Karta SIM USA kupi\u0107 przedp\u0142acony pakiet (nieograniczone) po\u0142\u0105czenia i internet - Airport Telecom PL\",\"isPartOf\":{\"@id\":\"https:\/\/airporttelecom.com\/pl\/#website\"},\"primaryImageOfPage\":{\"@id\":\"https:\/\/airporttelecom.com\/pl\/karta-sim\/usa\/#primaryimage\"},\"image\":{\"@id\":\"https:\/\/airporttelecom.com\/pl\/karta-sim\/usa\/#primaryimage\"},\"thumbnailUrl\":\"https:\/\/airporttelecom.com\/pl\/wp-content\/uploads\/sites\/7\/2024\/07\/Simkaart-USA.png\",\"datePublished\":\"2024-07-30T09:54:55+00:00\",\"dateModified\":\"2026-02-26T12:16:45+00:00\",\"description\":\"Szukasz karty przedp\u0142aconej Karta SIM USA na (nieograniczone) rozmowy i internet? Optymalna dost\u0119pno\u015b\u0107 podczas podr\u00f3\u017cy w Karta SIM Ameryka P\u00f3\u0142nocna. Ju\u017c w sprzeda\u017cy od !\",\"breadcrumb\":{\"@id\":\"https:\/\/airporttelecom.com\/pl\/karta-sim\/usa\/#breadcrumb\"},\"inLanguage\":\"pl-PL\",\"potentialAction\":[{\"@type\":\"ReadAction\",\"target\":[\"https:\/\/airporttelecom.com\/pl\/karta-sim\/usa\/\"]}]},{\"@type\":\"ImageObject\",\"inLanguage\":\"pl-PL\",\"@id\":\"https:\/\/airporttelecom.com\/pl\/karta-sim\/usa\/#primaryimage\",\"url\":\"https:\/\/airporttelecom.com\/pl\/wp-content\/uploads\/sites\/7\/2024\/07\/Simkaart-USA.png\",\"contentUrl\":\"https:\/\/airporttelecom.com\/pl\/wp-content\/uploads\/sites\/7\/2024\/07\/Simkaart-USA.png\",\"width\":800,\"height\":319,\"caption\":\"Karta SIM w Stanach Zjednoczonych\"},{\"@type\":\"BreadcrumbList\",\"@id\":\"https:\/\/airporttelecom.com\/pl\/karta-sim\/usa\/#breadcrumb\",\"itemListElement\":[{\"@type\":\"ListItem\",\"position\":1,\"name\":\"Home\",\"item\":\"https:\/\/airporttelecom.com\/pl\/\"},{\"@type\":\"ListItem\",\"position\":2,\"name\":\"Karta SIM\",\"item\":\"https:\/\/airporttelecom.com\/pl\/karta-sim\/\"},{\"@type\":\"ListItem\",\"position\":3,\"name\":\"Karta SIM USA\"}]},{\"@type\":\"WebSite\",\"@id\":\"https:\/\/airporttelecom.com\/pl\/#website\",\"url\":\"https:\/\/airporttelecom.com\/pl\/\",\"name\":\"Airport Telecom\",\"description\":\"\",\"publisher\":{\"@id\":\"https:\/\/airporttelecom.com\/pl\/#organization\"},\"potentialAction\":[{\"@type\":\"SearchAction\",\"target\":{\"@type\":\"EntryPoint\",\"urlTemplate\":\"https:\/\/airporttelecom.com\/pl\/?s={search_term_string}\"},\"query-input\":{\"@type\":\"PropertyValueSpecification\",\"valueRequired\":true,\"valueName\":\"search_term_string\"}}],\"inLanguage\":\"pl-PL\"},{\"@type\":\"Organization\",\"@id\":\"https:\/\/airporttelecom.com\/pl\/#organization\",\"name\":\"Airport Telecom\",\"url\":\"https:\/\/airporttelecom.com\/pl\/\",\"logo\":{\"@type\":\"ImageObject\",\"inLanguage\":\"pl-PL\",\"@id\":\"https:\/\/airporttelecom.com\/pl\/#\/schema\/logo\/image\/\",\"url\":\"https:\/\/airporttelecom.com\/pl\/wp-content\/uploads\/sites\/7\/2024\/06\/icon.png?wsr\",\"contentUrl\":\"https:\/\/airporttelecom.com\/pl\/wp-content\/uploads\/sites\/7\/2024\/06\/icon.png?wsr\",\"width\":110,\"height\":110,\"caption\":\"Airport Telecom\"},\"image\":{\"@id\":\"https:\/\/airporttelecom.com\/pl\/#\/schema\/logo\/image\/\"}}]}<\/script>\n<!-- \/ Yoast SEO Premium plugin. -->","yoast_head_json":{"title":"Karta SIM USA kupi\u0107 przedp\u0142acony pakiet (nieograniczone) po\u0142\u0105czenia i internet - Airport Telecom PL","description":"Szukasz karty przedp\u0142aconej Karta SIM USA na (nieograniczone) rozmowy i internet? Optymalna dost\u0119pno\u015b\u0107 podczas podr\u00f3\u017cy w Karta SIM Ameryka P\u00f3\u0142nocna. Ju\u017c w sprzeda\u017cy od !","robots":{"index":"index","follow":"follow","max-snippet":"max-snippet:-1","max-image-preview":"max-image-preview:large","max-video-preview":"max-video-preview:-1"},"canonical":"https:\/\/airporttelecom.com\/pl\/karta-sim\/usa\/","og_locale":"pl_PL","og_type":"article","og_title":"Karta SIM USA","og_description":"Szukasz karty przedp\u0142aconej Karta SIM USA na (nieograniczone) rozmowy i internet? Optymalna dost\u0119pno\u015b\u0107 podczas podr\u00f3\u017cy w Karta SIM Ameryka P\u00f3\u0142nocna. Ju\u017c w sprzeda\u017cy od !","og_url":"https:\/\/airporttelecom.com\/pl\/karta-sim\/usa\/","og_site_name":"Airport Telecom PL","article_modified_time":"2026-02-26T12:16:45+00:00","og_image":[{"width":800,"height":319,"url":"https:\/\/airporttelecom.com\/pl\/wp-content\/uploads\/sites\/7\/2024\/07\/Simkaart-USA.png","type":"image\/png"}],"twitter_card":"summary_large_image","twitter_misc":{"Szacowany czas czytania":"1 minuta"},"schema":{"@context":"https:\/\/schema.org","@graph":[{"@type":"WebPage","@id":"https:\/\/airporttelecom.com\/pl\/karta-sim\/usa\/","url":"https:\/\/airporttelecom.com\/pl\/karta-sim\/usa\/","name":"Karta SIM USA kupi\u0107 przedp\u0142acony pakiet (nieograniczone) po\u0142\u0105czenia i internet - Airport Telecom PL","isPartOf":{"@id":"https:\/\/airporttelecom.com\/pl\/#website"},"primaryImageOfPage":{"@id":"https:\/\/airporttelecom.com\/pl\/karta-sim\/usa\/#primaryimage"},"image":{"@id":"https:\/\/airporttelecom.com\/pl\/karta-sim\/usa\/#primaryimage"},"thumbnailUrl":"https:\/\/airporttelecom.com\/pl\/wp-content\/uploads\/sites\/7\/2024\/07\/Simkaart-USA.png","datePublished":"2024-07-30T09:54:55+00:00","dateModified":"2026-02-26T12:16:45+00:00","description":"Szukasz karty przedp\u0142aconej Karta SIM USA na (nieograniczone) rozmowy i internet? Optymalna dost\u0119pno\u015b\u0107 podczas podr\u00f3\u017cy w Karta SIM Ameryka P\u00f3\u0142nocna. Ju\u017c w sprzeda\u017cy od !","breadcrumb":{"@id":"https:\/\/airporttelecom.com\/pl\/karta-sim\/usa\/#breadcrumb"},"inLanguage":"pl-PL","potentialAction":[{"@type":"ReadAction","target":["https:\/\/airporttelecom.com\/pl\/karta-sim\/usa\/"]}]},{"@type":"ImageObject","inLanguage":"pl-PL","@id":"https:\/\/airporttelecom.com\/pl\/karta-sim\/usa\/#primaryimage","url":"https:\/\/airporttelecom.com\/pl\/wp-content\/uploads\/sites\/7\/2024\/07\/Simkaart-USA.png","contentUrl":"https:\/\/airporttelecom.com\/pl\/wp-content\/uploads\/sites\/7\/2024\/07\/Simkaart-USA.png","width":800,"height":319,"caption":"Karta SIM w Stanach Zjednoczonych"},{"@type":"BreadcrumbList","@id":"https:\/\/airporttelecom.com\/pl\/karta-sim\/usa\/#breadcrumb","itemListElement":[{"@type":"ListItem","position":1,"name":"Home","item":"https:\/\/airporttelecom.com\/pl\/"},{"@type":"ListItem","position":2,"name":"Karta SIM","item":"https:\/\/airporttelecom.com\/pl\/karta-sim\/"},{"@type":"ListItem","position":3,"name":"Karta SIM USA"}]},{"@type":"WebSite","@id":"https:\/\/airporttelecom.com\/pl\/#website","url":"https:\/\/airporttelecom.com\/pl\/","name":"Airport Telecom","description":"","publisher":{"@id":"https:\/\/airporttelecom.com\/pl\/#organization"},"potentialAction":[{"@type":"SearchAction","target":{"@type":"EntryPoint","urlTemplate":"https:\/\/airporttelecom.com\/pl\/?s={search_term_string}"},"query-input":{"@type":"PropertyValueSpecification","valueRequired":true,"valueName":"search_term_string"}}],"inLanguage":"pl-PL"},{"@type":"Organization","@id":"https:\/\/airporttelecom.com\/pl\/#organization","name":"Airport Telecom","url":"https:\/\/airporttelecom.com\/pl\/","logo":{"@type":"ImageObject","inLanguage":"pl-PL","@id":"https:\/\/airporttelecom.com\/pl\/#\/schema\/logo\/image\/","url":"https:\/\/airporttelecom.com\/pl\/wp-content\/uploads\/sites\/7\/2024\/06\/icon.png?wsr","contentUrl":"https:\/\/airporttelecom.com\/pl\/wp-content\/uploads\/sites\/7\/2024\/06\/icon.png?wsr","width":110,"height":110,"caption":"Airport Telecom"},"image":{"@id":"https:\/\/airporttelecom.com\/pl\/#\/schema\/logo\/image\/"}}]}},"custom_permalink":"karta-sim\/usa","_links":{"self":[{"href":"https:\/\/airporttelecom.com\/pl\/wp-json\/wp\/v2\/product\/799","targetHints":{"allow":["GET"]}}],"collection":[{"href":"https:\/\/airporttelecom.com\/pl\/wp-json\/wp\/v2\/product"}],"about":[{"href":"https:\/\/airporttelecom.com\/pl\/wp-json\/wp\/v2\/types\/product"}],"replies":[{"embeddable":true,"href":"https:\/\/airporttelecom.com\/pl\/wp-json\/wp\/v2\/comments?post=799"}],"wp:featuredmedia":[{"embeddable":true,"href":"https:\/\/airporttelecom.com\/pl\/wp-json\/wp\/v2\/media\/1174"}],"wp:attachment":[{"href":"https:\/\/airporttelecom.com\/pl\/wp-json\/wp\/v2\/media?parent=799"}],"wp:term":[{"taxonomy":"product_brand","embeddable":true,"href":"https:\/\/airporttelecom.com\/pl\/wp-json\/wp\/v2\/product_brand?post=799"},{"taxonomy":"product_cat","embeddable":true,"href":"https:\/\/airporttelecom.com\/pl\/wp-json\/wp\/v2\/product_cat?post=799"},{"taxonomy":"product_tag","embeddable":true,"href":"https:\/\/airporttelecom.com\/pl\/wp-json\/wp\/v2\/product_tag?post=799"}],"curies":[{"name":"wp","href":"https:\/\/api.w.org\/{rel}","templated":true}]}}