{"id":805,"date":"2024-07-30T09:59:05","date_gmt":"2024-07-30T09:59:05","guid":{"rendered":"https:\/\/airporttelecom.outperforming.nl\/nl\/?post_type=product&#038;p=805"},"modified":"2025-12-17T13:12:20","modified_gmt":"2025-12-17T13:12:20","slug":"simkaart-bahamas","status":"publish","type":"product","link":"https:\/\/airporttelecom.com\/pl\/karta-sim\/bahamy\/","title":{"rendered":"Karta SIM Bahamy"},"content":{"rendered":"","protected":false},"excerpt":{"rendered":"","protected":false},"featured_media":1099,"comment_status":"open","ping_status":"closed","template":"","meta":{"_acf_changed":false},"product_brand":[],"product_cat":[17],"product_tag":[26],"class_list":{"0":"post-805","1":"product","2":"type-product","3":"status-publish","4":"has-post-thumbnail","6":"product_cat-karta-sim","7":"product_tag-karta-sim-antyle-i-karaiby","9":"first","10":"instock","11":"taxable","12":"shipping-taxable","13":"purchasable","14":"product-type-variable"},"acf":{"gebied_afbeelding":983,"vlag_afbeelding":982,"provider":[],"product_synoniemen":null,"product_bestel_velden":"","product_omschrijving":"<h2><span data-contrast=\"none\">Mobilna dost\u0119pno\u015b\u0107 z kart\u0105 SIM Bahamy<\/span><\/h2>\r\n<span data-contrast=\"auto\">Przedp\u0142acone karty SIM Airport Telecom Bahamy umo\u017cliwiaj\u0105 korzystanie z mobilnego internetu na Bahamach. Mo\u017cesz wybiera\u0107 spo\u015br\u00f3d r\u00f3\u017cnych pakiet\u00f3w danych i po\u0142\u0105cze\u0144. S\u0105 one doskona\u0142e do korzystania z internetu i zapewniaj\u0105 dost\u0119p do poczty e-mail, WhatsApp, nawigacji i innych aplikacji internetowych za po\u015brednictwem szybkiego po\u0142\u0105czenia 4G\/5G.<\/span>\r\n<h2><span data-contrast=\"none\">Dane mobilne i po\u0142\u0105czenia podczas podr\u00f3\u017cy na Bahamy<\/span><\/h2>\r\n<span data-contrast=\"auto\">Na Bahamach mo\u017cna kupi\u0107 karty SIM z pakietem 3 GB i 6 GB danych. <\/span>\r\n<h2><span data-contrast=\"none\">WhatsApp z kart\u0105 SIM Bahamy<\/span><\/h2>\r\n<span data-contrast=\"auto\">Wszystkie po\u0142\u0105czenia internetowe, takie jak WhatsApp, Skype czy FaceTime, s\u0105 oczywi\u015bcie mo\u017cliwe r\u00f3wnie\u017c z kartami SIM na Bahamy. W takim przypadku u\u017cywasz pakietu danych dost\u0119pnego na karcie SIM. Mo\u017cesz nadal korzysta\u0107 z WhatsAppa z dotychczasowymi kontaktami, grupami i czatami \u2013 bez utraty historii rozm\u00f3wi. Po w\u0142o\u017ceniu przedp\u0142aconej karty SIM aplikacja aplikacja WhatsApp mo\u017ce zapyta\u0107,, czy chcesz utworzy\u0107 nowe konto, czy zachowa\u0107 obecne ustawienia. Wybierz opcj\u0119 zachowania obecnej to\u017csamo\u015bci, aby nic si\u0119 nie zmieni\u0142o. Nast\u0119pnie mo\u017cesz kontynuowa\u0107 wysy\u0142anie wiadomo\u015bci i rozmowy telefoniczne za pomoc\u0105 WhatsApp jak zwykle.<\/span>\r\n<h2><span data-contrast=\"none\">Zasi\u0119g na Bahamach<\/span><\/h2>\r\n<span data-contrast=\"auto\">Zasi\u0119g sieci kom\u00f3rkowej na Bahamach jest doskona\u0142y. Odnosi si\u0119 to szczeg\u00f3lnie do stolicy Nassau. Na rozleg\u0142ych terenach naturalnychch zasi\u0119g mo\u017ce by\u0107 nieco mniejszy. Generalnie zasi\u0119g jest dobry we wszystkich wioskach i miastach z kartami SIM na Bahamach.<\/span>\r\n<h2>Darmowa dostawa karty SIM prosto do domu<\/h2>\r\nKarta SIM Bahamy zostanie bezp\u0142atnie dostarczona pod wskazany adres. Zam\u00f3wienia z\u0142o\u017cone w dni robocze przed godzin\u0105 14:00 wysy\u0142amy tego samego dnia. Standardowy czas dostawy wynosi oko\u0142o pi\u0119ciu dni roboczych. Potrzebujesz szybciej? Wybierz eSIM, kt\u00f3ry zostanie wys\u0142any bezpo\u015brednio na Tw\u00f3j adres e-mail.\r\n\r\n&nbsp;","product_specificaties":"<h2><span data-contrast=\"none\">Zalety karty SIM Bahamy<\/span><\/h2>\r\n<span data-contrast=\"auto\">Karta SIM jest dost\u0119pna we wszystkich rozmiarach (mini, micro i nano) i pasuje do ka\u017cdego telefonu.<\/span> <span data-contrast=\"auto\">Karta SIM Bahamy jest odpowiednia do hotspot\u00f3w i urz\u0105dze\u0144 MIFI.<\/span>\r\n<h2><span data-contrast=\"none\">Dane i po\u0142\u0105czenia na Bahamach<\/span><\/h2>\r\n<span data-contrast=\"auto\">dost\u0119pne s\u0105 dwa warianty karty SIM Bahamy:<\/span> <span data-contrast=\"auto\">3GB<\/span><span data-contrast=\"auto\">danych \u20ac 39,= <\/span> <span data-contrast=\"auto\">W tym 3GB<\/span><span data-contrast=\"auto\">danych <\/span> <span data-contrast=\"auto\">6GB danych \u20ac 77,= <\/span> <span data-contrast=\"auto\">W tym 6Gb <\/span><span data-contrast=\"auto\">danych <\/span> <span data-contrast=\"auto\">Pakiety danych s\u0105 wa\u017cne 30 dni po aktywacji.<\/span>\r\n<h2><span data-contrast=\"none\">Wybierz odbi\u00f3r lub dostaw\u0119<\/span><\/h2>\r\n<span data-contrast=\"auto\">Odbi\u00f3r na lotnisku<\/span><span data-contrast=\"auto\">Schiphol w<\/span> Amsterdamie <span data-contrast=\"auto\">Po przylocie do Amsterdamu kart\u0119 SIM do Baham\u00f3w mo\u017cna odebra\u0107 w sklepie Airport Telecom w hali przylot\u00f3w 1 i 2 na lotnisku Schiphol w Amsterdamie.<\/span>\r\n<h2><span data-contrast=\"none\">Bezp\u0142atna dostawa<\/span><\/h2>\r\n<span data-contrast=\"auto\">Dostawa karty SIM do Baham\u00f3w jest r\u00f3wnie\u017c mo\u017cliwa. Je\u015bli z\u0142o\u017cysz zam\u00f3wienie w dni robocze przed godzin\u0105 14:00, wy\u015blemy je poczt\u0105 tego samego dnia. Dostawa nast\u0119puje zwykle w ci\u0105gu kilku dni roboczych.<\/span>","product_handleiding":"<h2><span data-contrast=\"none\">Jak zainstalowa\u0107 kart\u0119 SIM Bahamas w smarfonie?<\/span><\/h2>\r\n<span data-contrast=\"auto\">Otw\u00f3rz tack\u0119 na kart\u0119 SIM znajduj\u0105c\u0105 si\u0119 z boku telefonu. Mo\u017cna to zrobi\u0107 za pomoc\u0105 szpilki do\u0142\u0105czonej do telefonu. Je\u015bli jej nie masz, mo\u017cesz j\u0105 wykona\u0107, prostuj\u0105c spinacz do papieru. Karty SIM Airport Telecom dost\u0119pne s\u0105 z dodatkow\u0105 szpilk\u0105.<\/span> <span data-contrast=\"auto\">Wyjmij w\u0142asn\u0105 kart\u0119 SIM i zachowaj j\u0105 w bezpiecznym miejscu! W\u0142\u00f3\u017c now\u0105 kart\u0119 SIM. Mo\u017cna to zrobi\u0107 tylko w jeden spos\u00f3b. Telefon mo\u017ce by\u0107 wyposa\u017cony w kilka kart SIM.<\/span> W\u0142\u00f3\u017c<span data-contrast=\"auto\">now\u0105 kart\u0119 SIM jako kart\u0119 dodatkow\u0105.<\/span> <span data-contrast=\"auto\">Wsu\u0144 tack\u0119 z kart\u0105 SIM z powrotem do telefonu. Nowa karta SIM aktywuje si\u0119 automatycznie. Telefon mo\u017ce poprosi\u0107 o wprowadzenie dodatkowych ustawie\u0144.<\/span>","product_veelgestelde_vragen":[{"vraag":"Jakiej karty SIM u\u017cywa\u0107 na Bahamach? ","antwoord":"W przypadku kr\u00f3tkiego, kilkudniowego pobytu prawdopodobnie nie b\u0119dziesz potrzebowa\u0107 du\u017cej ilo\u015bci danych. Pakiet 10 GB danych dla Baham\u00f3w mo\u017ce okaza\u0107 si\u0119 wystarczaj\u0105cy. Aplikacje takie jak WhatsApp, Instagram i nawigacja nie zu\u017cywaj\u0105 du\u017co danych. W przypadku d\u0142u\u017cszego pobytu warto wybra\u0107 opcj\u0119 nielimitowanego internetu, aby zapewni\u0107 sobie wystarczaj\u0105c\u0105 ilo\u015b\u0107 danych. Karta Pakiet nielimitowany oferuje r\u00f3wnie\u017c nielimitowane po\u0142\u0105czenia na Bahamach. "},{"vraag":"Gdzie kupi\u0107 kart\u0119 SIM na Bahamy? ","antwoord":"Kup kart\u0119 SIM do Baham\u00f3w od Airport Telecom. . Z\u0142\u00f3\u017c zam\u00f3wienie online, a karta SIM zostanie bezp\u0142atnie dostarczona na Tw\u00f3j adres domowy. "}]},"yoast_head":"<!-- This site is optimized with the Yoast SEO Premium plugin v24.4 (Yoast SEO v26.9) - https:\/\/yoast.com\/product\/yoast-seo-premium-wordpress\/ -->\n<title>Karta SIM Bahamy kupi\u0107 przedp\u0142acony pakiet (nieograniczone) po\u0142\u0105czenia i internet - Airport Telecom PL<\/title>\n<meta name=\"description\" content=\"Szukasz karty przedp\u0142aconej Karta SIM Bahamy na (nieograniczone) rozmowy i internet? Optymalna dost\u0119pno\u015b\u0107 podczas podr\u00f3\u017cy w Karta SIM Antyle i Karaiby. Ju\u017c w sprzeda\u017cy od !\" \/>\n<meta name=\"robots\" content=\"index, follow, max-snippet:-1, max-image-preview:large, max-video-preview:-1\" \/>\n<link rel=\"canonical\" href=\"https:\/\/airporttelecom.com\/pl\/karta-sim\/bahamy\/\" \/>\n<meta property=\"og:locale\" content=\"pl_PL\" \/>\n<meta property=\"og:type\" content=\"article\" \/>\n<meta property=\"og:title\" content=\"Karta SIM Bahamy\" \/>\n<meta property=\"og:description\" content=\"Szukasz karty przedp\u0142aconej Karta SIM Bahamy na (nieograniczone) rozmowy i internet? Optymalna dost\u0119pno\u015b\u0107 podczas podr\u00f3\u017cy w Karta SIM Antyle i Karaiby. Ju\u017c w sprzeda\u017cy od !\" \/>\n<meta property=\"og:url\" content=\"https:\/\/airporttelecom.com\/pl\/karta-sim\/bahamy\/\" \/>\n<meta property=\"og:site_name\" content=\"Airport Telecom PL\" \/>\n<meta property=\"article:modified_time\" content=\"2025-12-17T13:12:20+00:00\" \/>\n<meta property=\"og:image\" content=\"https:\/\/airporttelecom.com\/pl\/wp-content\/uploads\/sites\/7\/2024\/07\/Simkaart-Bahamas.png?wsr\" \/>\n\t<meta property=\"og:image:width\" content=\"800\" \/>\n\t<meta property=\"og:image:height\" content=\"316\" \/>\n\t<meta property=\"og:image:type\" content=\"image\/png\" \/>\n<meta name=\"twitter:card\" content=\"summary_large_image\" \/>\n<meta name=\"twitter:label1\" content=\"Szacowany czas czytania\" \/>\n\t<meta name=\"twitter:data1\" content=\"1 minuta\" \/>\n<script type=\"application\/ld+json\" class=\"yoast-schema-graph\">{\"@context\":\"https:\/\/schema.org\",\"@graph\":[{\"@type\":\"WebPage\",\"@id\":\"https:\/\/airporttelecom.com\/pl\/karta-sim\/bahamy\/\",\"url\":\"https:\/\/airporttelecom.com\/pl\/karta-sim\/bahamy\/\",\"name\":\"Karta SIM Bahamy kupi\u0107 przedp\u0142acony pakiet (nieograniczone) po\u0142\u0105czenia i internet - Airport Telecom PL\",\"isPartOf\":{\"@id\":\"https:\/\/airporttelecom.com\/pl\/#website\"},\"primaryImageOfPage\":{\"@id\":\"https:\/\/airporttelecom.com\/pl\/karta-sim\/bahamy\/#primaryimage\"},\"image\":{\"@id\":\"https:\/\/airporttelecom.com\/pl\/karta-sim\/bahamy\/#primaryimage\"},\"thumbnailUrl\":\"https:\/\/airporttelecom.com\/pl\/wp-content\/uploads\/sites\/7\/2024\/07\/Simkaart-Bahamas.png\",\"datePublished\":\"2024-07-30T09:59:05+00:00\",\"dateModified\":\"2025-12-17T13:12:20+00:00\",\"description\":\"Szukasz karty przedp\u0142aconej Karta SIM Bahamy na (nieograniczone) rozmowy i internet? Optymalna dost\u0119pno\u015b\u0107 podczas podr\u00f3\u017cy w Karta SIM Antyle i Karaiby. Ju\u017c w sprzeda\u017cy od !\",\"breadcrumb\":{\"@id\":\"https:\/\/airporttelecom.com\/pl\/karta-sim\/bahamy\/#breadcrumb\"},\"inLanguage\":\"pl-PL\",\"potentialAction\":[{\"@type\":\"ReadAction\",\"target\":[\"https:\/\/airporttelecom.com\/pl\/karta-sim\/bahamy\/\"]}]},{\"@type\":\"ImageObject\",\"inLanguage\":\"pl-PL\",\"@id\":\"https:\/\/airporttelecom.com\/pl\/karta-sim\/bahamy\/#primaryimage\",\"url\":\"https:\/\/airporttelecom.com\/pl\/wp-content\/uploads\/sites\/7\/2024\/07\/Simkaart-Bahamas.png\",\"contentUrl\":\"https:\/\/airporttelecom.com\/pl\/wp-content\/uploads\/sites\/7\/2024\/07\/Simkaart-Bahamas.png\",\"width\":800,\"height\":316,\"caption\":\"Karta SIM Bahamy\"},{\"@type\":\"BreadcrumbList\",\"@id\":\"https:\/\/airporttelecom.com\/pl\/karta-sim\/bahamy\/#breadcrumb\",\"itemListElement\":[{\"@type\":\"ListItem\",\"position\":1,\"name\":\"Home\",\"item\":\"https:\/\/airporttelecom.com\/pl\/\"},{\"@type\":\"ListItem\",\"position\":2,\"name\":\"Karta SIM\",\"item\":\"https:\/\/airporttelecom.com\/pl\/karta-sim\/\"},{\"@type\":\"ListItem\",\"position\":3,\"name\":\"Karta SIM Bahamy\"}]},{\"@type\":\"WebSite\",\"@id\":\"https:\/\/airporttelecom.com\/pl\/#website\",\"url\":\"https:\/\/airporttelecom.com\/pl\/\",\"name\":\"Airport Telecom\",\"description\":\"\",\"publisher\":{\"@id\":\"https:\/\/airporttelecom.com\/pl\/#organization\"},\"potentialAction\":[{\"@type\":\"SearchAction\",\"target\":{\"@type\":\"EntryPoint\",\"urlTemplate\":\"https:\/\/airporttelecom.com\/pl\/?s={search_term_string}\"},\"query-input\":{\"@type\":\"PropertyValueSpecification\",\"valueRequired\":true,\"valueName\":\"search_term_string\"}}],\"inLanguage\":\"pl-PL\"},{\"@type\":\"Organization\",\"@id\":\"https:\/\/airporttelecom.com\/pl\/#organization\",\"name\":\"Airport Telecom\",\"url\":\"https:\/\/airporttelecom.com\/pl\/\",\"logo\":{\"@type\":\"ImageObject\",\"inLanguage\":\"pl-PL\",\"@id\":\"https:\/\/airporttelecom.com\/pl\/#\/schema\/logo\/image\/\",\"url\":\"https:\/\/airporttelecom.com\/pl\/wp-content\/uploads\/sites\/7\/2024\/06\/icon.png?wsr\",\"contentUrl\":\"https:\/\/airporttelecom.com\/pl\/wp-content\/uploads\/sites\/7\/2024\/06\/icon.png?wsr\",\"width\":110,\"height\":110,\"caption\":\"Airport Telecom\"},\"image\":{\"@id\":\"https:\/\/airporttelecom.com\/pl\/#\/schema\/logo\/image\/\"}}]}<\/script>\n<!-- \/ Yoast SEO Premium plugin. -->","yoast_head_json":{"title":"Karta SIM Bahamy kupi\u0107 przedp\u0142acony pakiet (nieograniczone) po\u0142\u0105czenia i internet - Airport Telecom PL","description":"Szukasz karty przedp\u0142aconej Karta SIM Bahamy na (nieograniczone) rozmowy i internet? Optymalna dost\u0119pno\u015b\u0107 podczas podr\u00f3\u017cy w Karta SIM Antyle i Karaiby. Ju\u017c w sprzeda\u017cy od !","robots":{"index":"index","follow":"follow","max-snippet":"max-snippet:-1","max-image-preview":"max-image-preview:large","max-video-preview":"max-video-preview:-1"},"canonical":"https:\/\/airporttelecom.com\/pl\/karta-sim\/bahamy\/","og_locale":"pl_PL","og_type":"article","og_title":"Karta SIM Bahamy","og_description":"Szukasz karty przedp\u0142aconej Karta SIM Bahamy na (nieograniczone) rozmowy i internet? Optymalna dost\u0119pno\u015b\u0107 podczas podr\u00f3\u017cy w Karta SIM Antyle i Karaiby. Ju\u017c w sprzeda\u017cy od !","og_url":"https:\/\/airporttelecom.com\/pl\/karta-sim\/bahamy\/","og_site_name":"Airport Telecom PL","article_modified_time":"2025-12-17T13:12:20+00:00","og_image":[{"width":800,"height":316,"url":"https:\/\/airporttelecom.com\/pl\/wp-content\/uploads\/sites\/7\/2024\/07\/Simkaart-Bahamas.png?wsr","type":"image\/png"}],"twitter_card":"summary_large_image","twitter_misc":{"Szacowany czas czytania":"1 minuta"},"schema":{"@context":"https:\/\/schema.org","@graph":[{"@type":"WebPage","@id":"https:\/\/airporttelecom.com\/pl\/karta-sim\/bahamy\/","url":"https:\/\/airporttelecom.com\/pl\/karta-sim\/bahamy\/","name":"Karta SIM Bahamy kupi\u0107 przedp\u0142acony pakiet (nieograniczone) po\u0142\u0105czenia i internet - Airport Telecom PL","isPartOf":{"@id":"https:\/\/airporttelecom.com\/pl\/#website"},"primaryImageOfPage":{"@id":"https:\/\/airporttelecom.com\/pl\/karta-sim\/bahamy\/#primaryimage"},"image":{"@id":"https:\/\/airporttelecom.com\/pl\/karta-sim\/bahamy\/#primaryimage"},"thumbnailUrl":"https:\/\/airporttelecom.com\/pl\/wp-content\/uploads\/sites\/7\/2024\/07\/Simkaart-Bahamas.png","datePublished":"2024-07-30T09:59:05+00:00","dateModified":"2025-12-17T13:12:20+00:00","description":"Szukasz karty przedp\u0142aconej Karta SIM Bahamy na (nieograniczone) rozmowy i internet? Optymalna dost\u0119pno\u015b\u0107 podczas podr\u00f3\u017cy w Karta SIM Antyle i Karaiby. Ju\u017c w sprzeda\u017cy od !","breadcrumb":{"@id":"https:\/\/airporttelecom.com\/pl\/karta-sim\/bahamy\/#breadcrumb"},"inLanguage":"pl-PL","potentialAction":[{"@type":"ReadAction","target":["https:\/\/airporttelecom.com\/pl\/karta-sim\/bahamy\/"]}]},{"@type":"ImageObject","inLanguage":"pl-PL","@id":"https:\/\/airporttelecom.com\/pl\/karta-sim\/bahamy\/#primaryimage","url":"https:\/\/airporttelecom.com\/pl\/wp-content\/uploads\/sites\/7\/2024\/07\/Simkaart-Bahamas.png","contentUrl":"https:\/\/airporttelecom.com\/pl\/wp-content\/uploads\/sites\/7\/2024\/07\/Simkaart-Bahamas.png","width":800,"height":316,"caption":"Karta SIM Bahamy"},{"@type":"BreadcrumbList","@id":"https:\/\/airporttelecom.com\/pl\/karta-sim\/bahamy\/#breadcrumb","itemListElement":[{"@type":"ListItem","position":1,"name":"Home","item":"https:\/\/airporttelecom.com\/pl\/"},{"@type":"ListItem","position":2,"name":"Karta SIM","item":"https:\/\/airporttelecom.com\/pl\/karta-sim\/"},{"@type":"ListItem","position":3,"name":"Karta SIM Bahamy"}]},{"@type":"WebSite","@id":"https:\/\/airporttelecom.com\/pl\/#website","url":"https:\/\/airporttelecom.com\/pl\/","name":"Airport Telecom","description":"","publisher":{"@id":"https:\/\/airporttelecom.com\/pl\/#organization"},"potentialAction":[{"@type":"SearchAction","target":{"@type":"EntryPoint","urlTemplate":"https:\/\/airporttelecom.com\/pl\/?s={search_term_string}"},"query-input":{"@type":"PropertyValueSpecification","valueRequired":true,"valueName":"search_term_string"}}],"inLanguage":"pl-PL"},{"@type":"Organization","@id":"https:\/\/airporttelecom.com\/pl\/#organization","name":"Airport Telecom","url":"https:\/\/airporttelecom.com\/pl\/","logo":{"@type":"ImageObject","inLanguage":"pl-PL","@id":"https:\/\/airporttelecom.com\/pl\/#\/schema\/logo\/image\/","url":"https:\/\/airporttelecom.com\/pl\/wp-content\/uploads\/sites\/7\/2024\/06\/icon.png?wsr","contentUrl":"https:\/\/airporttelecom.com\/pl\/wp-content\/uploads\/sites\/7\/2024\/06\/icon.png?wsr","width":110,"height":110,"caption":"Airport Telecom"},"image":{"@id":"https:\/\/airporttelecom.com\/pl\/#\/schema\/logo\/image\/"}}]}},"custom_permalink":"karta-sim\/bahamy","_links":{"self":[{"href":"https:\/\/airporttelecom.com\/pl\/wp-json\/wp\/v2\/product\/805","targetHints":{"allow":["GET"]}}],"collection":[{"href":"https:\/\/airporttelecom.com\/pl\/wp-json\/wp\/v2\/product"}],"about":[{"href":"https:\/\/airporttelecom.com\/pl\/wp-json\/wp\/v2\/types\/product"}],"replies":[{"embeddable":true,"href":"https:\/\/airporttelecom.com\/pl\/wp-json\/wp\/v2\/comments?post=805"}],"wp:featuredmedia":[{"embeddable":true,"href":"https:\/\/airporttelecom.com\/pl\/wp-json\/wp\/v2\/media\/1099"}],"wp:attachment":[{"href":"https:\/\/airporttelecom.com\/pl\/wp-json\/wp\/v2\/media?parent=805"}],"wp:term":[{"taxonomy":"product_brand","embeddable":true,"href":"https:\/\/airporttelecom.com\/pl\/wp-json\/wp\/v2\/product_brand?post=805"},{"taxonomy":"product_cat","embeddable":true,"href":"https:\/\/airporttelecom.com\/pl\/wp-json\/wp\/v2\/product_cat?post=805"},{"taxonomy":"product_tag","embeddable":true,"href":"https:\/\/airporttelecom.com\/pl\/wp-json\/wp\/v2\/product_tag?post=805"}],"curies":[{"name":"wp","href":"https:\/\/api.w.org\/{rel}","templated":true}]}}