{"id":807,"date":"2024-07-30T10:02:01","date_gmt":"2024-07-30T10:02:01","guid":{"rendered":"https:\/\/airporttelecom.outperforming.nl\/nl\/?post_type=product&#038;p=807"},"modified":"2025-11-18T10:32:23","modified_gmt":"2025-11-18T10:32:23","slug":"simkaart-grenada","status":"publish","type":"product","link":"https:\/\/airporttelecom.com\/pl\/karta-sim\/grenada\/","title":{"rendered":"Karta SIM Grenada"},"content":{"rendered":"","protected":false},"excerpt":{"rendered":"","protected":false},"featured_media":1104,"comment_status":"open","ping_status":"closed","template":"","meta":{"_acf_changed":false},"product_brand":[],"product_cat":[17],"product_tag":[26],"class_list":{"0":"post-807","1":"product","2":"type-product","3":"status-publish","4":"has-post-thumbnail","6":"product_cat-karta-sim","7":"product_tag-karta-sim-antyle-i-karaiby","9":"first","10":"instock","11":"taxable","12":"shipping-taxable","13":"purchasable","14":"product-type-variable","15":"has-default-attributes"},"acf":{"gebied_afbeelding":944,"vlag_afbeelding":945,"provider":[],"product_synoniemen":null,"product_bestel_velden":"","product_omschrijving":"<h2><span data-contrast=\"none\">Mobilna dost\u0119pno\u015b\u0107 z kart\u0105 SIM do Grenady<\/span><span data-ccp-props=\"{&quot;134245418&quot;:true,&quot;134245529&quot;:true,&quot;335559738&quot;:160,&quot;335559739&quot;:80}\"> <\/span><\/h2>\r\n<span data-contrast=\"auto\">Dzi\u0119ki przedp\u0142aconej karcie SIM Grenada mo\u017cesz korzysta\u0107 z mobilnego internetu w ca\u0142ej Grenadzie. Oferujemy pakiety danych i po\u0142\u0105cze\u0144 dostosowane do indywidualnych potrzeb. Pakiety danych to idealne rozwi\u0105zanie do korzystania z internetu w podr\u00f3\u017cy. Dzi\u0119ki szybkiemu i stabilnemu po\u0142\u0105czeniu 4G\/5G zapewniaj\u0105 wygodny dost\u0119p do poczty e-mail, WhatsAppa, nawigacji GPS oraz innych aplikacji mobilnych.<\/span><span data-ccp-props=\"{}\"> <\/span><h2><span data-contrast=\"none\">Transmisja danych i po\u0142\u0105czenia podczas podr\u00f3\u017cy do Grenady<\/span><span data-ccp-props=\"{&quot;134245418&quot;:true,&quot;134245529&quot;:true,&quot;335559738&quot;:160,&quot;335559739&quot;:80}\"> <\/span><\/h2>\r\n<span data-contrast=\"auto\">Karty SIM w Republice Dominikany mo\u017cna kupi\u0107 z pakietem danych 3 GB, 6 GB i 12 GB. <\/span><span data-ccp-props=\"{}\"> <\/span>\r\n<h2><span data-contrast=\"none\">WhatsApp z kart\u0105 SIM Grenada<\/span><span data-ccp-props=\"{&quot;134245418&quot;:true,&quot;134245529&quot;:true,&quot;335559738&quot;:160,&quot;335559739&quot;:80}\"> <\/span><\/h2>\r\n<span data-contrast=\"auto\">Wszystkie po\u0142\u0105czenia internetowe, takie jak WhatsApp, Skype czy FaceTime s\u0105 oczywi\u015bcie mo\u017cliwe r\u00f3wnie\u017c z kartami SIM do Grenady. W takim przypadku u\u017cywasz pakietu danych dost\u0119pnego na karcie SIM. Mo\u017cesz nadal korzysta\u0107 z WhatsAppa z dotychczasowymi kontaktami, grupami i czatami \u2013 bez utraty historii rozm\u00f3wi. Po w\u0142o\u017ceniu przedp\u0142aconej karty SIM aplikacja aplikacja WhatsApp mo\u017ce zapyta\u0107,, czy chcesz utworzy\u0107 nowe konto, czy zachowa\u0107 obecne ustawienia. Wybierz opcj\u0119 zachowania obecnej to\u017csamo\u015bci, aby nic si\u0119 nie zmieni\u0142o. Nast\u0119pnie mo\u017cesz kontynuowa\u0107 wysy\u0142anie wiadomo\u015bci i rozmowy telefoniczne za pomoc\u0105 WhatsApp jak zwykle.<\/span><span data-ccp-props=\"{}\"> <\/span><h2><span data-contrast=\"none\">Zasi\u0119g w Grenadzie<\/span><span data-ccp-props=\"{&quot;134245418&quot;:true,&quot;134245529&quot;:true,&quot;335559738&quot;:160,&quot;335559739&quot;:80}\"> <\/span><\/h2>\r\n<span data-contrast=\"auto\">Zasi\u0119g sieci kom\u00f3rkowej jest doskona\u0142y w Grenadzie. Odnosi si\u0119 to szczeg\u00f3lnie do stolicy Saint George's. Na rozleg\u0142ych terenach naturalnychch zasi\u0119g mo\u017ce by\u0107 nieco mniejszy. Generalnie zasi\u0119g jest dobry we wszystkich wioskach i miastach z kartami SIM do Grenady.<\/span><span data-ccp-props=\"{}\"> <\/span><h2><span data-contrast=\"none\">Karty SIM Grenada bezp\u0142atna dostawa lub odbi\u00f3r na lotnisku Schiphol<\/span><span data-ccp-props=\"{&quot;134245418&quot;:true,&quot;134245529&quot;:true,&quot;335559738&quot;:160,&quot;335559739&quot;:80}\"> <\/span><\/h2>\r\n<span data-contrast=\"auto\">Przedp\u0142acone karty SIM Grenada  mog\u0105 by\u0107 bezp\u0142atnie dostarczone pod wskazany adres . Karty zam\u00f3wione w dni robocze przed godzin\u0105 14:00 wysy\u0142amy tego samego dnia poczt\u0105. Dostawa nast\u0119puje zwykle w ci\u0105gu kilku dni roboczych.<\/span><span data-ccp-props=\"{}\"> <\/span>","product_specificaties":"<h2>Zalety <span class=\"TextRun SCXW204359278 BCX0\" lang=\"NL-NL\" xml:lang=\"NL-NL\" data-contrast=\"none\"><span class=\"SpellingError SCXW204359278 BCX0\">karty SIM Grenada<\/span><\/span><\/h2>\r\n<span data-contrast=\"auto\">Karta SIM Grenada jest kompatybilna z tetheringiem i dlatego mo\u017ce by\u0107 r\u00f3wnie\u017c u\u017cywana do hotspot\u00f3w i MIFI.<\/span><span data-ccp-props=\"{}\"> <\/span><h2>Dane mobilne i po\u0142\u0105czenia w Grenadzie<\/h2>\r\ndost\u0119pne s\u0105 trzy warianty tej karty SIM:<h3><span data-contrast=\"auto\">3GB danych <\/span><span data-contrast=\"auto\">\u20ac29<\/span><span data-ccp-props=\"{&quot;335551550&quot;:1,&quot;335551620&quot;:1}\"> <\/span><\/h3>\r\n<span data-contrast=\"auto\">W tym 3 GB danych<\/span><span data-ccp-props=\"{&quot;335551550&quot;:1,&quot;335551620&quot;:1}\"> <\/span><h3><span data-contrast=\"auto\">6 GB danych <\/span><span data-contrast=\"auto\">\u20ac 49,=<\/span><span data-ccp-props=\"{&quot;335551550&quot;:1,&quot;335551620&quot;:1}\"> <\/span><\/h3>\r\n<span data-contrast=\"auto\">W tym 6 GB danych<\/span><span data-ccp-props=\"{&quot;335551550&quot;:1,&quot;335551620&quot;:1}\"> <\/span><h3><span data-contrast=\"auto\">12 GB danych <\/span><span data-contrast=\"auto\">\u20ac 89,=<\/span><span data-ccp-props=\"{&quot;335551550&quot;:1,&quot;335551620&quot;:1}\"> <\/span><\/h3>\r\n<span data-contrast=\"auto\">W tym 12 GB danych<\/span><span data-ccp-props=\"{&quot;335551550&quot;:1,&quot;335551620&quot;:1}\"> <\/span>Pakiety danych s\u0105 wa\u017cne 30 dni od momentu aktywacji.","product_handleiding":"<h2><span data-contrast=\"none\">Jak zainstalowa\u0107 kart\u0119 SIM Grenada w smarfonie?<\/span><span data-ccp-props=\"{&quot;134245418&quot;:true,&quot;134245529&quot;:true,&quot;335559738&quot;:160,&quot;335559739&quot;:80}\"> <\/span><\/h2>\r\n<span data-contrast=\"auto\">Otw\u00f3rz tack\u0119 na kart\u0119 SIM znajduj\u0105c\u0105 si\u0119 z boku telefonu. Mo\u017cna to zrobi\u0107 za pomoc\u0105 szpilki do\u0142\u0105czonej do telefonu. Je\u015bli jej nie masz, mo\u017cesz j\u0105 wykona\u0107, prostuj\u0105c spinacz do papieru. Karty SIM Airport Telecom dost\u0119pne s\u0105 z dodatkow\u0105 szpilk\u0105.<\/span><span data-ccp-props=\"{}\"> <\/span><span data-contrast=\"auto\">Wyjmij w\u0142asn\u0105 kart\u0119 SIM i zachowaj j\u0105 w bezpiecznym miejscu! W\u0142\u00f3\u017c now\u0105 kart\u0119 SIM. Mo\u017cna to zrobi\u0107 tylko w jeden spos\u00f3b. Telefon mo\u017ce by\u0107 wyposa\u017cony w kilka kart SIM.<\/span> W\u0142\u00f3\u017c<span data-contrast=\"auto\">now\u0105 kart\u0119 SIM jako kart\u0119 dodatkow\u0105.<\/span><span data-ccp-props=\"{}\"> <\/span><span data-contrast=\"auto\">Wsu\u0144 tack\u0119 z kart\u0105 SIM z powrotem do telefonu. Nowa karta SIM aktywuje si\u0119 automatycznie. Telefon mo\u017ce poprosi\u0107 o wprowadzenie dodatkowych ustawie\u0144.<\/span><span data-ccp-props=\"{}\"> <\/span>","product_veelgestelde_vragen":[{"vraag":"Jakiej karty SIM u\u017cywa\u0107 w Grenadzie? ","antwoord":"W przypadku kr\u00f3tkiego, kilkudniowego pobytu prawdopodobnie nie b\u0119dziesz potrzebowa\u0107 du\u017cej ilo\u015bci danych. Pakiet 3 GB danych dla Grenady mo\u017ce okaza\u0107 si\u0119 wystarczaj\u0105cy. Aplikacje takie jak WhatsApp, Instagram i nawigacja nie zu\u017cywaj\u0105 du\u017co danych. W przypadku d\u0142u\u017cszego pobytu warto zdecydowa\u0107 si\u0119 na pakiet 12 GB, aby mie\u0107 wystarczaj\u0105c\u0105 ilo\u015b\u0107 danych."},{"vraag":"Gdzie kupi\u0107 kart\u0119 SIM do Grenady? ","antwoord":"Kup kart\u0119 SIM do Grenady od Airport Telecom. . Z\u0142\u00f3\u017c zam\u00f3wienie online, a karta SIM zostanie bezp\u0142atnie dostarczona na Tw\u00f3j adres domowy. "}]},"yoast_head":"<!-- This site is optimized with the Yoast SEO Premium plugin v24.4 (Yoast SEO v26.9) - https:\/\/yoast.com\/product\/yoast-seo-premium-wordpress\/ -->\n<title>Karta SIM Grenada kupi\u0107 przedp\u0142acony pakiet (nieograniczone) po\u0142\u0105czenia i internet - Airport Telecom PL<\/title>\n<meta name=\"description\" content=\"Szukasz karty przedp\u0142aconej Karta SIM Grenada na (nieograniczone) rozmowy i internet? Optymalna dost\u0119pno\u015b\u0107 podczas podr\u00f3\u017cy w Karta SIM Antyle i Karaiby. Ju\u017c w sprzeda\u017cy od !\" \/>\n<meta name=\"robots\" content=\"index, follow, max-snippet:-1, max-image-preview:large, max-video-preview:-1\" \/>\n<link rel=\"canonical\" href=\"https:\/\/airporttelecom.com\/pl\/karta-sim\/grenada\/\" \/>\n<meta property=\"og:locale\" content=\"pl_PL\" \/>\n<meta property=\"og:type\" content=\"article\" \/>\n<meta property=\"og:title\" content=\"Karta SIM Grenada\" \/>\n<meta property=\"og:description\" content=\"Szukasz karty przedp\u0142aconej Karta SIM Grenada na (nieograniczone) rozmowy i internet? Optymalna dost\u0119pno\u015b\u0107 podczas podr\u00f3\u017cy w Karta SIM Antyle i Karaiby. Ju\u017c w sprzeda\u017cy od !\" \/>\n<meta property=\"og:url\" content=\"https:\/\/airporttelecom.com\/pl\/karta-sim\/grenada\/\" \/>\n<meta property=\"og:site_name\" content=\"Airport Telecom PL\" \/>\n<meta property=\"article:modified_time\" content=\"2025-11-18T10:32:23+00:00\" \/>\n<meta property=\"og:image\" content=\"https:\/\/airporttelecom.com\/pl\/wp-content\/uploads\/sites\/7\/2024\/07\/Simkaart-Grenada.png?wsr\" \/>\n\t<meta property=\"og:image:width\" content=\"800\" \/>\n\t<meta property=\"og:image:height\" content=\"319\" \/>\n\t<meta property=\"og:image:type\" content=\"image\/png\" \/>\n<meta name=\"twitter:card\" content=\"summary_large_image\" \/>\n<meta name=\"twitter:label1\" content=\"Szacowany czas czytania\" \/>\n\t<meta name=\"twitter:data1\" content=\"1 minuta\" \/>\n<script type=\"application\/ld+json\" class=\"yoast-schema-graph\">{\"@context\":\"https:\/\/schema.org\",\"@graph\":[{\"@type\":\"WebPage\",\"@id\":\"https:\/\/airporttelecom.com\/pl\/karta-sim\/grenada\/\",\"url\":\"https:\/\/airporttelecom.com\/pl\/karta-sim\/grenada\/\",\"name\":\"Karta SIM Grenada kupi\u0107 przedp\u0142acony pakiet (nieograniczone) po\u0142\u0105czenia i internet - Airport Telecom PL\",\"isPartOf\":{\"@id\":\"https:\/\/airporttelecom.com\/pl\/#website\"},\"primaryImageOfPage\":{\"@id\":\"https:\/\/airporttelecom.com\/pl\/karta-sim\/grenada\/#primaryimage\"},\"image\":{\"@id\":\"https:\/\/airporttelecom.com\/pl\/karta-sim\/grenada\/#primaryimage\"},\"thumbnailUrl\":\"https:\/\/airporttelecom.com\/pl\/wp-content\/uploads\/sites\/7\/2024\/07\/Simkaart-Grenada.png\",\"datePublished\":\"2024-07-30T10:02:01+00:00\",\"dateModified\":\"2025-11-18T10:32:23+00:00\",\"description\":\"Szukasz karty przedp\u0142aconej Karta SIM Grenada na (nieograniczone) rozmowy i internet? Optymalna dost\u0119pno\u015b\u0107 podczas podr\u00f3\u017cy w Karta SIM Antyle i Karaiby. Ju\u017c w sprzeda\u017cy od !\",\"breadcrumb\":{\"@id\":\"https:\/\/airporttelecom.com\/pl\/karta-sim\/grenada\/#breadcrumb\"},\"inLanguage\":\"pl-PL\",\"potentialAction\":[{\"@type\":\"ReadAction\",\"target\":[\"https:\/\/airporttelecom.com\/pl\/karta-sim\/grenada\/\"]}]},{\"@type\":\"ImageObject\",\"inLanguage\":\"pl-PL\",\"@id\":\"https:\/\/airporttelecom.com\/pl\/karta-sim\/grenada\/#primaryimage\",\"url\":\"https:\/\/airporttelecom.com\/pl\/wp-content\/uploads\/sites\/7\/2024\/07\/Simkaart-Grenada.png\",\"contentUrl\":\"https:\/\/airporttelecom.com\/pl\/wp-content\/uploads\/sites\/7\/2024\/07\/Simkaart-Grenada.png\",\"width\":800,\"height\":319,\"caption\":\"Karta SIM Grenada\"},{\"@type\":\"BreadcrumbList\",\"@id\":\"https:\/\/airporttelecom.com\/pl\/karta-sim\/grenada\/#breadcrumb\",\"itemListElement\":[{\"@type\":\"ListItem\",\"position\":1,\"name\":\"Home\",\"item\":\"https:\/\/airporttelecom.com\/pl\/\"},{\"@type\":\"ListItem\",\"position\":2,\"name\":\"Karta SIM\",\"item\":\"https:\/\/airporttelecom.com\/pl\/karta-sim\/\"},{\"@type\":\"ListItem\",\"position\":3,\"name\":\"Karta SIM Grenada\"}]},{\"@type\":\"WebSite\",\"@id\":\"https:\/\/airporttelecom.com\/pl\/#website\",\"url\":\"https:\/\/airporttelecom.com\/pl\/\",\"name\":\"Airport Telecom\",\"description\":\"\",\"publisher\":{\"@id\":\"https:\/\/airporttelecom.com\/pl\/#organization\"},\"potentialAction\":[{\"@type\":\"SearchAction\",\"target\":{\"@type\":\"EntryPoint\",\"urlTemplate\":\"https:\/\/airporttelecom.com\/pl\/?s={search_term_string}\"},\"query-input\":{\"@type\":\"PropertyValueSpecification\",\"valueRequired\":true,\"valueName\":\"search_term_string\"}}],\"inLanguage\":\"pl-PL\"},{\"@type\":\"Organization\",\"@id\":\"https:\/\/airporttelecom.com\/pl\/#organization\",\"name\":\"Airport Telecom\",\"url\":\"https:\/\/airporttelecom.com\/pl\/\",\"logo\":{\"@type\":\"ImageObject\",\"inLanguage\":\"pl-PL\",\"@id\":\"https:\/\/airporttelecom.com\/pl\/#\/schema\/logo\/image\/\",\"url\":\"https:\/\/airporttelecom.com\/pl\/wp-content\/uploads\/sites\/7\/2024\/06\/icon.png?wsr\",\"contentUrl\":\"https:\/\/airporttelecom.com\/pl\/wp-content\/uploads\/sites\/7\/2024\/06\/icon.png?wsr\",\"width\":110,\"height\":110,\"caption\":\"Airport Telecom\"},\"image\":{\"@id\":\"https:\/\/airporttelecom.com\/pl\/#\/schema\/logo\/image\/\"}}]}<\/script>\n<!-- \/ Yoast SEO Premium plugin. -->","yoast_head_json":{"title":"Karta SIM Grenada kupi\u0107 przedp\u0142acony pakiet (nieograniczone) po\u0142\u0105czenia i internet - Airport Telecom PL","description":"Szukasz karty przedp\u0142aconej Karta SIM Grenada na (nieograniczone) rozmowy i internet? Optymalna dost\u0119pno\u015b\u0107 podczas podr\u00f3\u017cy w Karta SIM Antyle i Karaiby. Ju\u017c w sprzeda\u017cy od !","robots":{"index":"index","follow":"follow","max-snippet":"max-snippet:-1","max-image-preview":"max-image-preview:large","max-video-preview":"max-video-preview:-1"},"canonical":"https:\/\/airporttelecom.com\/pl\/karta-sim\/grenada\/","og_locale":"pl_PL","og_type":"article","og_title":"Karta SIM Grenada","og_description":"Szukasz karty przedp\u0142aconej Karta SIM Grenada na (nieograniczone) rozmowy i internet? Optymalna dost\u0119pno\u015b\u0107 podczas podr\u00f3\u017cy w Karta SIM Antyle i Karaiby. Ju\u017c w sprzeda\u017cy od !","og_url":"https:\/\/airporttelecom.com\/pl\/karta-sim\/grenada\/","og_site_name":"Airport Telecom PL","article_modified_time":"2025-11-18T10:32:23+00:00","og_image":[{"width":800,"height":319,"url":"https:\/\/airporttelecom.com\/pl\/wp-content\/uploads\/sites\/7\/2024\/07\/Simkaart-Grenada.png?wsr","type":"image\/png"}],"twitter_card":"summary_large_image","twitter_misc":{"Szacowany czas czytania":"1 minuta"},"schema":{"@context":"https:\/\/schema.org","@graph":[{"@type":"WebPage","@id":"https:\/\/airporttelecom.com\/pl\/karta-sim\/grenada\/","url":"https:\/\/airporttelecom.com\/pl\/karta-sim\/grenada\/","name":"Karta SIM Grenada kupi\u0107 przedp\u0142acony pakiet (nieograniczone) po\u0142\u0105czenia i internet - Airport Telecom PL","isPartOf":{"@id":"https:\/\/airporttelecom.com\/pl\/#website"},"primaryImageOfPage":{"@id":"https:\/\/airporttelecom.com\/pl\/karta-sim\/grenada\/#primaryimage"},"image":{"@id":"https:\/\/airporttelecom.com\/pl\/karta-sim\/grenada\/#primaryimage"},"thumbnailUrl":"https:\/\/airporttelecom.com\/pl\/wp-content\/uploads\/sites\/7\/2024\/07\/Simkaart-Grenada.png","datePublished":"2024-07-30T10:02:01+00:00","dateModified":"2025-11-18T10:32:23+00:00","description":"Szukasz karty przedp\u0142aconej Karta SIM Grenada na (nieograniczone) rozmowy i internet? Optymalna dost\u0119pno\u015b\u0107 podczas podr\u00f3\u017cy w Karta SIM Antyle i Karaiby. Ju\u017c w sprzeda\u017cy od !","breadcrumb":{"@id":"https:\/\/airporttelecom.com\/pl\/karta-sim\/grenada\/#breadcrumb"},"inLanguage":"pl-PL","potentialAction":[{"@type":"ReadAction","target":["https:\/\/airporttelecom.com\/pl\/karta-sim\/grenada\/"]}]},{"@type":"ImageObject","inLanguage":"pl-PL","@id":"https:\/\/airporttelecom.com\/pl\/karta-sim\/grenada\/#primaryimage","url":"https:\/\/airporttelecom.com\/pl\/wp-content\/uploads\/sites\/7\/2024\/07\/Simkaart-Grenada.png","contentUrl":"https:\/\/airporttelecom.com\/pl\/wp-content\/uploads\/sites\/7\/2024\/07\/Simkaart-Grenada.png","width":800,"height":319,"caption":"Karta SIM Grenada"},{"@type":"BreadcrumbList","@id":"https:\/\/airporttelecom.com\/pl\/karta-sim\/grenada\/#breadcrumb","itemListElement":[{"@type":"ListItem","position":1,"name":"Home","item":"https:\/\/airporttelecom.com\/pl\/"},{"@type":"ListItem","position":2,"name":"Karta SIM","item":"https:\/\/airporttelecom.com\/pl\/karta-sim\/"},{"@type":"ListItem","position":3,"name":"Karta SIM Grenada"}]},{"@type":"WebSite","@id":"https:\/\/airporttelecom.com\/pl\/#website","url":"https:\/\/airporttelecom.com\/pl\/","name":"Airport Telecom","description":"","publisher":{"@id":"https:\/\/airporttelecom.com\/pl\/#organization"},"potentialAction":[{"@type":"SearchAction","target":{"@type":"EntryPoint","urlTemplate":"https:\/\/airporttelecom.com\/pl\/?s={search_term_string}"},"query-input":{"@type":"PropertyValueSpecification","valueRequired":true,"valueName":"search_term_string"}}],"inLanguage":"pl-PL"},{"@type":"Organization","@id":"https:\/\/airporttelecom.com\/pl\/#organization","name":"Airport Telecom","url":"https:\/\/airporttelecom.com\/pl\/","logo":{"@type":"ImageObject","inLanguage":"pl-PL","@id":"https:\/\/airporttelecom.com\/pl\/#\/schema\/logo\/image\/","url":"https:\/\/airporttelecom.com\/pl\/wp-content\/uploads\/sites\/7\/2024\/06\/icon.png?wsr","contentUrl":"https:\/\/airporttelecom.com\/pl\/wp-content\/uploads\/sites\/7\/2024\/06\/icon.png?wsr","width":110,"height":110,"caption":"Airport Telecom"},"image":{"@id":"https:\/\/airporttelecom.com\/pl\/#\/schema\/logo\/image\/"}}]}},"custom_permalink":"karta-sim\/grenada","_links":{"self":[{"href":"https:\/\/airporttelecom.com\/pl\/wp-json\/wp\/v2\/product\/807","targetHints":{"allow":["GET"]}}],"collection":[{"href":"https:\/\/airporttelecom.com\/pl\/wp-json\/wp\/v2\/product"}],"about":[{"href":"https:\/\/airporttelecom.com\/pl\/wp-json\/wp\/v2\/types\/product"}],"replies":[{"embeddable":true,"href":"https:\/\/airporttelecom.com\/pl\/wp-json\/wp\/v2\/comments?post=807"}],"wp:featuredmedia":[{"embeddable":true,"href":"https:\/\/airporttelecom.com\/pl\/wp-json\/wp\/v2\/media\/1104"}],"wp:attachment":[{"href":"https:\/\/airporttelecom.com\/pl\/wp-json\/wp\/v2\/media?parent=807"}],"wp:term":[{"taxonomy":"product_brand","embeddable":true,"href":"https:\/\/airporttelecom.com\/pl\/wp-json\/wp\/v2\/product_brand?post=807"},{"taxonomy":"product_cat","embeddable":true,"href":"https:\/\/airporttelecom.com\/pl\/wp-json\/wp\/v2\/product_cat?post=807"},{"taxonomy":"product_tag","embeddable":true,"href":"https:\/\/airporttelecom.com\/pl\/wp-json\/wp\/v2\/product_tag?post=807"}],"curies":[{"name":"wp","href":"https:\/\/api.w.org\/{rel}","templated":true}]}}