{"id":92,"date":"2024-06-13T09:16:26","date_gmt":"2024-06-13T09:16:26","guid":{"rendered":"https:\/\/airporttelecom.outperforming.nl\/nl\/?post_type=product&#038;p=92"},"modified":"2025-12-18T14:05:26","modified_gmt":"2025-12-18T14:05:26","slug":"simkaart-noorwegen","status":"publish","type":"product","link":"https:\/\/airporttelecom.com\/pl\/karta-sim\/norwegia\/","title":{"rendered":"Karta SIM Norwegia"},"content":{"rendered":"","protected":false},"excerpt":{"rendered":"","protected":false},"featured_media":1080,"comment_status":"open","ping_status":"closed","template":"","meta":{"_acf_changed":false},"product_brand":[],"product_cat":[17],"product_tag":[19],"class_list":{"0":"post-92","1":"product","2":"type-product","3":"status-publish","4":"has-post-thumbnail","6":"product_cat-karta-sim","7":"product_tag-karta-sim-europa","9":"first","10":"instock","11":"taxable","12":"shipping-taxable","13":"purchasable","14":"product-type-variable"},"acf":{"gebied_afbeelding":888,"vlag_afbeelding":174,"provider":["THR","LYC"],"product_synoniemen":null,"product_bestel_velden":"","product_omschrijving":"<h2>internet mobilny w Norwegii z kart\u0105 SIM Norwegia<\/h2>\r\nDzi\u0119ki karcie eSIM Norway od Airport Telecom mo\u017cesz korzysta\u0107 z mobilnego internetu w ca\u0142ej Norwegii. Karta SIM jest bardzo odpowiednia do korzystania z internetu i zapewnia dost\u0119p do poczty e-mail, WhatsApp, nawigacji i innych aplikacji internetowych za po\u015brednictwem szybkiego po\u0142\u0105czenia 4G\/5G. Wybierz na jak d\u0142ugo jest Ci potrzebny pakiet nielimitowanych danych: 7 dni, 14 dni lub 30 dni.\r\n<h2>Pakiety danych na podr\u00f3\u017c do Norwegii<\/h2>\r\nKarty SIM do Norwegii s\u0105 dost\u0119pne z pakietem nielimitowanych danych na 7, 14 i 30 dni:\r\n<h3>Nielimitowana karta SIM Norwegia 7 dni, \u20ac24<\/h3>\r\n<h3>Nielimitowana karta SIM Norwegia 14 dni, \u20ac 36,=<\/h3>\r\n<h3>Nielimitowana karta SIM Norwegia 30 dni, \u20ac 59,=<\/h3>\r\nKarty SIM do Norwegii maj\u0105 doskona\u0142y zasi\u0119g og\u00f3lnokrajowy za po\u015brednictwem lokalnych sieci 4G i 5G. Rejestracja u\u017cytkownika w Norwegii nie jest wymagana. Po przybyciu do Norwegii internet zaczyna dzia\u0142a\u0107 automatycznie. Karta SIM Norwegia obs\u0142uguje tethering, dzi\u0119ki czemu mo\u017cna jej u\u017cywa\u0107 w hotspotach i urz\u0105dzeniach MiFi..\r\n<h2>WhatsApp z kart\u0105 SIM Norwegia<\/h2>\r\nWszystkie po\u0142\u0105czenia internetowe, takie jak WhatsApp, Skype czy FaceTime s\u0105 oczywi\u015bcie mo\u017cliwe r\u00f3wnie\u017c z kartami SIM do Norwegii. W takim przypadku u\u017cywasz pakietu danych dost\u0119pnego na karcie SIM. Mo\u017cesz nadal korzysta\u0107 z WhatsAppa z dotychczasowymi kontaktami, grupami i czatami \u2013 bez utraty historii rozm\u00f3wi. Po w\u0142o\u017ceniu przedp\u0142aconej karty SIM aplikacja aplikacja WhatsApp mo\u017ce zapyta\u0107,, czy chcesz utworzy\u0107 nowe konto, czy zachowa\u0107 obecne ustawienia. Wybierz opcj\u0119 zachowania obecnej to\u017csamo\u015bci, aby nic si\u0119 nie zmieni\u0142o. Nast\u0119pnie mo\u017cesz nadal wysy\u0142a\u0107 wiadomo\u015bci i wykonywa\u0107 po\u0142\u0105czenia jak zwykle za pomoc\u0105 WhatsApp.\r\n<h2>Zasi\u0119g sieci kom\u00f3rkowej i dost\u0119p do internetu mobilnego w Norwegii<\/h2>\r\nZasi\u0119g sieci kom\u00f3rkowej w Norwegii jest doskona\u0142y. Odnosi sie to szczeg\u00f3lnie do du\u017cych miastach, takich jak Oslo. Na rozleg\u0142ych terenach naturalnychch zasi\u0119g mo\u017ce by\u0107 nieco mniejszy. Generalnie zasi\u0119g jest dobry we wszystkich wioskach i miastach z kartami SIM do Norwegii.\r\n<h2>Darmowa dostawa karty SIM prosto do domu<\/h2>\r\nKarta SIM Norwegia zostanie bezp\u0142atnie dostarczona pod wskazany adres. Zam\u00f3wienia z\u0142o\u017cone w dni robocze przed godzin\u0105 14:00 wysy\u0142amy tego samego dnia. Standardowy czas dostawy wynosi oko\u0142o pi\u0119ciu dni roboczych. Potrzebujesz szybciej? Wybierz eSIM, kt\u00f3ry zostanie wys\u0142any bezpo\u015brednio na Tw\u00f3j adres e-mail.\r\n\r\n&nbsp;","product_specificaties":"<h2>internet z kart\u0105 SIM Norwegia<\/h2>\r\ndost\u0119pne s\u0105 trzy warianty karty SIM Norwegia:\r\n<h3>Nielimitowana karta SIM Norwegia 7 dni, \u20ac24<\/h3>\r\n<ul>\r\n \t<li>Nielimitowane dane w ca\u0142ej Norwegii*<\/li>\r\n \t<li>Pakiet wa\u017cny 7 dni. Mo\u017cna do\u0142adowa\u0107 za po\u015brednictwem tej strony.<\/li>\r\n<\/ul>\r\n<h3>Nielimitowana karta SIM Norwegia 14 dni, \u20ac 36<\/h3>\r\n<ul>\r\n \t<li>Nielimitowane dane w ca\u0142ej Norwegii*<\/li>\r\n \t<li>Pakiet wa\u017cny przez 14 dni. Mo\u017cna do\u0142adowa\u0107 za po\u015brednictwem tej strony.<\/li>\r\n<\/ul>\r\n<h3>Nielimitowana karta SIM Norwegia 30 dni, 59 \u20ac<\/h3>\r\n<ul>\r\n \t<li>Nielimitowane dane w ca\u0142ej Norwegii*<\/li>\r\n \t<li>Pakiet wa\u017cny 30 dni. Do\u0142adowania mo\u017cna dokona\u0107 za po\u015brednictwem tej strony internetowej.<\/li>\r\n<\/ul>\r\n(*) Obowi\u0105zuj\u0105 zasady dozwolonego u\u017cytku. W przypadku ekstremalnego wykorzystania danych operator w Norwegii mo\u017ce ograniczy\u0107 mo\u017cliwo\u015bci karty SIM.","product_handleiding":"<h2>Jak zainstalowa\u0107 kart\u0119 SIM Norway w smarfonie?<\/h2>\r\nOtw\u00f3rz tack\u0119 na kart\u0119 SIM znajduj\u0105c\u0105 si\u0119 z boku telefonu. Mo\u017cna to zrobi\u0107 za pomoc\u0105 szpilki do\u0142\u0105czonej do telefonu. Je\u015bli jej nie masz, mo\u017cesz j\u0105 wykona\u0107, prostuj\u0105c spinacz do papieru. Karty SIM Airport Telecom dost\u0119pne s\u0105 z dodatkowym bolcem. Wyjmij w\u0142asn\u0105 kart\u0119 SIM i zachowaj j\u0105 w bezpiecznym miejscu! W\u0142\u00f3\u017c now\u0105 kart\u0119 SIM. Mo\u017cna to zrobi\u0107 tylko w jeden spos\u00f3b. By\u0107 mo\u017ce posiadasz telefon, kt\u00f3ry mo\u017ce pomie\u015bci\u0107 kilka kart SIM. Wsu\u0144 suwak karty SIM z powrotem do telefonu. Nowa karta SIM aktywuje si\u0119 automatycznie. Telefon mo\u017ce poprosi\u0107 o wprowadzenie dodatkowych ustawie\u0144","product_veelgestelde_vragen":[{"vraag":"Jakiej karty SIM u\u017cywa\u0107 w Norwegii?","antwoord":"W przypadku kr\u00f3tkiego, kilkudniowego pobytu prawdopodobnie nie b\u0119dziesz potrzebowa\u0107 du\u017cej ilo\u015bci danych. Pakiet 10 GB danych dla Norwegii mo\u017ce okaza\u0107 si\u0119 wystarczaj\u0105cy. Aplikacje takie jak WhatsApp, Instagram i nawigacja nie zu\u017cywaj\u0105 du\u017co danych. W przypadku d\u0142u\u017cszego pobytu warto wybra\u0107 opcj\u0119 nielimitowanego internetu, aby zapewni\u0107 sobie wystarczaj\u0105c\u0105 ilo\u015b\u0107 danych. Je\u015bli chcesz du\u017co dzwoni\u0107, dobrym wyborem b\u0119dzie karta SIM 12 GB z nielimitowanymi po\u0142\u0105czeniami w Norwegii."},{"vraag":"Gdzie kupi\u0107 kart\u0119 SIM do Norwegii?","antwoord":"Kup kart\u0119 SIM do Norwegii od Airport Telecom. . Z\u0142\u00f3\u017c zam\u00f3wienie online, a karta SIM zostanie bezp\u0142atnie dostarczona na Tw\u00f3j adres domowy."}]},"yoast_head":"<!-- This site is optimized with the Yoast SEO Premium plugin v24.4 (Yoast SEO v26.9) - https:\/\/yoast.com\/product\/yoast-seo-premium-wordpress\/ -->\n<title>Karta SIM Norwegia kupi\u0107 przedp\u0142acony pakiet (nieograniczone) po\u0142\u0105czenia i internet - Airport Telecom PL<\/title>\n<meta name=\"description\" content=\"Szukasz karty przedp\u0142aconej Karta SIM Norwegia na (nieograniczone) rozmowy i internet? Optymalna dost\u0119pno\u015b\u0107 podczas podr\u00f3\u017cy w Karta SIM Europa. Ju\u017c w sprzeda\u017cy od !\" \/>\n<meta name=\"robots\" content=\"index, follow, max-snippet:-1, max-image-preview:large, max-video-preview:-1\" \/>\n<link rel=\"canonical\" href=\"https:\/\/airporttelecom.com\/pl\/karta-sim\/norwegia\/\" \/>\n<meta property=\"og:locale\" content=\"pl_PL\" \/>\n<meta property=\"og:type\" content=\"article\" \/>\n<meta property=\"og:title\" content=\"Karta SIM Norwegia\" \/>\n<meta property=\"og:description\" content=\"Szukasz karty przedp\u0142aconej Karta SIM Norwegia na (nieograniczone) rozmowy i internet? Optymalna dost\u0119pno\u015b\u0107 podczas podr\u00f3\u017cy w Karta SIM Europa. Ju\u017c w sprzeda\u017cy od !\" \/>\n<meta property=\"og:url\" content=\"https:\/\/airporttelecom.com\/pl\/karta-sim\/norwegia\/\" \/>\n<meta property=\"og:site_name\" content=\"Airport Telecom PL\" \/>\n<meta property=\"article:modified_time\" content=\"2025-12-18T14:05:26+00:00\" \/>\n<meta property=\"og:image\" content=\"https:\/\/airporttelecom.com\/pl\/wp-content\/uploads\/sites\/7\/2024\/06\/Simkaart-Noorwegen.png?wsr\" \/>\n\t<meta property=\"og:image:width\" content=\"800\" \/>\n\t<meta property=\"og:image:height\" content=\"316\" \/>\n\t<meta property=\"og:image:type\" content=\"image\/png\" \/>\n<meta name=\"twitter:card\" content=\"summary_large_image\" \/>\n<meta name=\"twitter:label1\" content=\"Szacowany czas czytania\" \/>\n\t<meta name=\"twitter:data1\" content=\"1 minuta\" \/>\n<script type=\"application\/ld+json\" class=\"yoast-schema-graph\">{\"@context\":\"https:\/\/schema.org\",\"@graph\":[{\"@type\":\"WebPage\",\"@id\":\"https:\/\/airporttelecom.com\/pl\/karta-sim\/norwegia\/\",\"url\":\"https:\/\/airporttelecom.com\/pl\/karta-sim\/norwegia\/\",\"name\":\"Karta SIM Norwegia kupi\u0107 przedp\u0142acony pakiet (nieograniczone) po\u0142\u0105czenia i internet - Airport Telecom PL\",\"isPartOf\":{\"@id\":\"https:\/\/airporttelecom.com\/pl\/#website\"},\"primaryImageOfPage\":{\"@id\":\"https:\/\/airporttelecom.com\/pl\/karta-sim\/norwegia\/#primaryimage\"},\"image\":{\"@id\":\"https:\/\/airporttelecom.com\/pl\/karta-sim\/norwegia\/#primaryimage\"},\"thumbnailUrl\":\"https:\/\/airporttelecom.com\/pl\/wp-content\/uploads\/sites\/7\/2024\/06\/Simkaart-Noorwegen.png\",\"datePublished\":\"2024-06-13T09:16:26+00:00\",\"dateModified\":\"2025-12-18T14:05:26+00:00\",\"description\":\"Szukasz karty przedp\u0142aconej Karta SIM Norwegia na (nieograniczone) rozmowy i internet? Optymalna dost\u0119pno\u015b\u0107 podczas podr\u00f3\u017cy w Karta SIM Europa. Ju\u017c w sprzeda\u017cy od !\",\"breadcrumb\":{\"@id\":\"https:\/\/airporttelecom.com\/pl\/karta-sim\/norwegia\/#breadcrumb\"},\"inLanguage\":\"pl-PL\",\"potentialAction\":[{\"@type\":\"ReadAction\",\"target\":[\"https:\/\/airporttelecom.com\/pl\/karta-sim\/norwegia\/\"]}]},{\"@type\":\"ImageObject\",\"inLanguage\":\"pl-PL\",\"@id\":\"https:\/\/airporttelecom.com\/pl\/karta-sim\/norwegia\/#primaryimage\",\"url\":\"https:\/\/airporttelecom.com\/pl\/wp-content\/uploads\/sites\/7\/2024\/06\/Simkaart-Noorwegen.png\",\"contentUrl\":\"https:\/\/airporttelecom.com\/pl\/wp-content\/uploads\/sites\/7\/2024\/06\/Simkaart-Noorwegen.png\",\"width\":800,\"height\":316,\"caption\":\"Karta SIM Norwegia\"},{\"@type\":\"BreadcrumbList\",\"@id\":\"https:\/\/airporttelecom.com\/pl\/karta-sim\/norwegia\/#breadcrumb\",\"itemListElement\":[{\"@type\":\"ListItem\",\"position\":1,\"name\":\"Home\",\"item\":\"https:\/\/airporttelecom.com\/pl\/\"},{\"@type\":\"ListItem\",\"position\":2,\"name\":\"Karta SIM\",\"item\":\"https:\/\/airporttelecom.com\/pl\/karta-sim\/\"},{\"@type\":\"ListItem\",\"position\":3,\"name\":\"Karta SIM Norwegia\"}]},{\"@type\":\"WebSite\",\"@id\":\"https:\/\/airporttelecom.com\/pl\/#website\",\"url\":\"https:\/\/airporttelecom.com\/pl\/\",\"name\":\"Airport Telecom\",\"description\":\"\",\"publisher\":{\"@id\":\"https:\/\/airporttelecom.com\/pl\/#organization\"},\"potentialAction\":[{\"@type\":\"SearchAction\",\"target\":{\"@type\":\"EntryPoint\",\"urlTemplate\":\"https:\/\/airporttelecom.com\/pl\/?s={search_term_string}\"},\"query-input\":{\"@type\":\"PropertyValueSpecification\",\"valueRequired\":true,\"valueName\":\"search_term_string\"}}],\"inLanguage\":\"pl-PL\"},{\"@type\":\"Organization\",\"@id\":\"https:\/\/airporttelecom.com\/pl\/#organization\",\"name\":\"Airport Telecom\",\"url\":\"https:\/\/airporttelecom.com\/pl\/\",\"logo\":{\"@type\":\"ImageObject\",\"inLanguage\":\"pl-PL\",\"@id\":\"https:\/\/airporttelecom.com\/pl\/#\/schema\/logo\/image\/\",\"url\":\"https:\/\/airporttelecom.com\/pl\/wp-content\/uploads\/sites\/7\/2024\/06\/icon.png?wsr\",\"contentUrl\":\"https:\/\/airporttelecom.com\/pl\/wp-content\/uploads\/sites\/7\/2024\/06\/icon.png?wsr\",\"width\":110,\"height\":110,\"caption\":\"Airport Telecom\"},\"image\":{\"@id\":\"https:\/\/airporttelecom.com\/pl\/#\/schema\/logo\/image\/\"}}]}<\/script>\n<!-- \/ Yoast SEO Premium plugin. -->","yoast_head_json":{"title":"Karta SIM Norwegia kupi\u0107 przedp\u0142acony pakiet (nieograniczone) po\u0142\u0105czenia i internet - Airport Telecom PL","description":"Szukasz karty przedp\u0142aconej Karta SIM Norwegia na (nieograniczone) rozmowy i internet? Optymalna dost\u0119pno\u015b\u0107 podczas podr\u00f3\u017cy w Karta SIM Europa. Ju\u017c w sprzeda\u017cy od !","robots":{"index":"index","follow":"follow","max-snippet":"max-snippet:-1","max-image-preview":"max-image-preview:large","max-video-preview":"max-video-preview:-1"},"canonical":"https:\/\/airporttelecom.com\/pl\/karta-sim\/norwegia\/","og_locale":"pl_PL","og_type":"article","og_title":"Karta SIM Norwegia","og_description":"Szukasz karty przedp\u0142aconej Karta SIM Norwegia na (nieograniczone) rozmowy i internet? Optymalna dost\u0119pno\u015b\u0107 podczas podr\u00f3\u017cy w Karta SIM Europa. Ju\u017c w sprzeda\u017cy od !","og_url":"https:\/\/airporttelecom.com\/pl\/karta-sim\/norwegia\/","og_site_name":"Airport Telecom PL","article_modified_time":"2025-12-18T14:05:26+00:00","og_image":[{"width":800,"height":316,"url":"https:\/\/airporttelecom.com\/pl\/wp-content\/uploads\/sites\/7\/2024\/06\/Simkaart-Noorwegen.png?wsr","type":"image\/png"}],"twitter_card":"summary_large_image","twitter_misc":{"Szacowany czas czytania":"1 minuta"},"schema":{"@context":"https:\/\/schema.org","@graph":[{"@type":"WebPage","@id":"https:\/\/airporttelecom.com\/pl\/karta-sim\/norwegia\/","url":"https:\/\/airporttelecom.com\/pl\/karta-sim\/norwegia\/","name":"Karta SIM Norwegia kupi\u0107 przedp\u0142acony pakiet (nieograniczone) po\u0142\u0105czenia i internet - Airport Telecom PL","isPartOf":{"@id":"https:\/\/airporttelecom.com\/pl\/#website"},"primaryImageOfPage":{"@id":"https:\/\/airporttelecom.com\/pl\/karta-sim\/norwegia\/#primaryimage"},"image":{"@id":"https:\/\/airporttelecom.com\/pl\/karta-sim\/norwegia\/#primaryimage"},"thumbnailUrl":"https:\/\/airporttelecom.com\/pl\/wp-content\/uploads\/sites\/7\/2024\/06\/Simkaart-Noorwegen.png","datePublished":"2024-06-13T09:16:26+00:00","dateModified":"2025-12-18T14:05:26+00:00","description":"Szukasz karty przedp\u0142aconej Karta SIM Norwegia na (nieograniczone) rozmowy i internet? Optymalna dost\u0119pno\u015b\u0107 podczas podr\u00f3\u017cy w Karta SIM Europa. Ju\u017c w sprzeda\u017cy od !","breadcrumb":{"@id":"https:\/\/airporttelecom.com\/pl\/karta-sim\/norwegia\/#breadcrumb"},"inLanguage":"pl-PL","potentialAction":[{"@type":"ReadAction","target":["https:\/\/airporttelecom.com\/pl\/karta-sim\/norwegia\/"]}]},{"@type":"ImageObject","inLanguage":"pl-PL","@id":"https:\/\/airporttelecom.com\/pl\/karta-sim\/norwegia\/#primaryimage","url":"https:\/\/airporttelecom.com\/pl\/wp-content\/uploads\/sites\/7\/2024\/06\/Simkaart-Noorwegen.png","contentUrl":"https:\/\/airporttelecom.com\/pl\/wp-content\/uploads\/sites\/7\/2024\/06\/Simkaart-Noorwegen.png","width":800,"height":316,"caption":"Karta SIM Norwegia"},{"@type":"BreadcrumbList","@id":"https:\/\/airporttelecom.com\/pl\/karta-sim\/norwegia\/#breadcrumb","itemListElement":[{"@type":"ListItem","position":1,"name":"Home","item":"https:\/\/airporttelecom.com\/pl\/"},{"@type":"ListItem","position":2,"name":"Karta SIM","item":"https:\/\/airporttelecom.com\/pl\/karta-sim\/"},{"@type":"ListItem","position":3,"name":"Karta SIM Norwegia"}]},{"@type":"WebSite","@id":"https:\/\/airporttelecom.com\/pl\/#website","url":"https:\/\/airporttelecom.com\/pl\/","name":"Airport Telecom","description":"","publisher":{"@id":"https:\/\/airporttelecom.com\/pl\/#organization"},"potentialAction":[{"@type":"SearchAction","target":{"@type":"EntryPoint","urlTemplate":"https:\/\/airporttelecom.com\/pl\/?s={search_term_string}"},"query-input":{"@type":"PropertyValueSpecification","valueRequired":true,"valueName":"search_term_string"}}],"inLanguage":"pl-PL"},{"@type":"Organization","@id":"https:\/\/airporttelecom.com\/pl\/#organization","name":"Airport Telecom","url":"https:\/\/airporttelecom.com\/pl\/","logo":{"@type":"ImageObject","inLanguage":"pl-PL","@id":"https:\/\/airporttelecom.com\/pl\/#\/schema\/logo\/image\/","url":"https:\/\/airporttelecom.com\/pl\/wp-content\/uploads\/sites\/7\/2024\/06\/icon.png?wsr","contentUrl":"https:\/\/airporttelecom.com\/pl\/wp-content\/uploads\/sites\/7\/2024\/06\/icon.png?wsr","width":110,"height":110,"caption":"Airport Telecom"},"image":{"@id":"https:\/\/airporttelecom.com\/pl\/#\/schema\/logo\/image\/"}}]}},"custom_permalink":"karta-sim\/norwegia","_links":{"self":[{"href":"https:\/\/airporttelecom.com\/pl\/wp-json\/wp\/v2\/product\/92","targetHints":{"allow":["GET"]}}],"collection":[{"href":"https:\/\/airporttelecom.com\/pl\/wp-json\/wp\/v2\/product"}],"about":[{"href":"https:\/\/airporttelecom.com\/pl\/wp-json\/wp\/v2\/types\/product"}],"replies":[{"embeddable":true,"href":"https:\/\/airporttelecom.com\/pl\/wp-json\/wp\/v2\/comments?post=92"}],"wp:featuredmedia":[{"embeddable":true,"href":"https:\/\/airporttelecom.com\/pl\/wp-json\/wp\/v2\/media\/1080"}],"wp:attachment":[{"href":"https:\/\/airporttelecom.com\/pl\/wp-json\/wp\/v2\/media?parent=92"}],"wp:term":[{"taxonomy":"product_brand","embeddable":true,"href":"https:\/\/airporttelecom.com\/pl\/wp-json\/wp\/v2\/product_brand?post=92"},{"taxonomy":"product_cat","embeddable":true,"href":"https:\/\/airporttelecom.com\/pl\/wp-json\/wp\/v2\/product_cat?post=92"},{"taxonomy":"product_tag","embeddable":true,"href":"https:\/\/airporttelecom.com\/pl\/wp-json\/wp\/v2\/product_tag?post=92"}],"curies":[{"name":"wp","href":"https:\/\/api.w.org\/{rel}","templated":true}]}}